{"id":6404,"date":"2024-11-22T06:47:26","date_gmt":"2024-11-22T06:47:26","guid":{"rendered":"https:\/\/photo-design.studio\/?page_id=6404"},"modified":"2024-11-22T06:47:26","modified_gmt":"2024-11-22T06:47:26","slug":"unsere-fotostudios","status":"publish","type":"page","link":"https:\/\/photo-design.studio\/?page_id=6404","title":{"rendered":"Unsere Fotostudios"},"content":{"rendered":"\n<p class=\"has-medium-font-size\">Unsere 2 Fotostudios findest du im Bezirk V\u00f6cklabruck, O\u00d6:<\/p>\n\n\n\n<ul>\n<li>4873 Frankenburg am Hausruck (Hauptstudio)<\/li>\n\n\n\n<li>4863 Seewalchen am Attersee (Nebenstudio &#8211; Freitags)<\/li>\n<\/ul>\n\n\n\n<p><strong>Adressen:<\/strong><\/p>\n\n\n\n<p>STUDIO 4873 Frankenburg, Brunnenstrasse 37 (Achtung nicht \u00fcber St\u00f6ckert fahren)<\/p>\n\n\n\n<p>STUDIO 4863 Seewalchen in der Bandlkramerey, Hauptstrasse 4 &#8211; 1. Stock &#8211; Seiteneingang (nicht \u00fcber Kaffee) Parkplatz nach dem Garten\/Spielplatz<\/p>\n\n\n\n<p><\/p>\n","protected":false},"excerpt":{"rendered":"<p>Unsere 2 Fotostudios findest du im Bezirk V\u00f6cklabruck, O\u00d6: Adressen: STUDIO 4873 Frankenburg, Brunnenstrasse 37 (Achtung nicht \u00fcber St\u00f6ckert fahren) STUDIO 4863 Seewalchen in der Bandlkramerey, Hauptstrasse 4 &#8211; 1. Stock &#8211; Seiteneingang (nicht \u00fcber Kaffee) Parkplatz nach dem Garten\/Spielplatz<\/p>\n","protected":false},"author":1,"featured_media":0,"parent":0,"menu_order":0,"comment_status":"closed","ping_status":"closed","template":"","meta":{"footnotes":""},"_links":{"self":[{"href":"https:\/\/photo-design.studio\/index.php?rest_route=\/wp\/v2\/pages\/6404"}],"collection":[{"href":"https:\/\/photo-design.studio\/index.php?rest_route=\/wp\/v2\/pages"}],"about":[{"href":"https:\/\/photo-design.studio\/index.php?rest_route=\/wp\/v2\/types\/page"}],"author":[{"embeddable":true,"href":"https:\/\/photo-design.studio\/index.php?rest_route=\/wp\/v2\/users\/1"}],"replies":[{"embeddable":true,"href":"https:\/\/photo-design.studio\/index.php?rest_route=%2Fwp%2Fv2%2Fcomments&post=6404"}],"version-history":[{"count":1,"href":"https:\/\/photo-design.studio\/index.php?rest_route=\/wp\/v2\/pages\/6404\/revisions"}],"predecessor-version":[{"id":6405,"href":"https:\/\/photo-design.studio\/index.php?rest_route=\/wp\/v2\/pages\/6404\/revisions\/6405"}],"wp:attachment":[{"href":"https:\/\/photo-design.studio\/index.php?rest_route=%2Fwp%2Fv2%2Fmedia&parent=6404"}],"curies":[{"name":"wp","href":"https:\/\/api.w.org\/{rel}","templated":true}]}}