{"id":5273,"date":"2021-09-25T06:24:30","date_gmt":"2021-09-25T06:24:30","guid":{"rendered":"http:\/\/photo-design.studio\/?page_id=5273"},"modified":"2021-11-10T08:38:33","modified_gmt":"2021-11-10T08:38:33","slug":"info-weihnachtsfotoshooting","status":"publish","type":"page","link":"https:\/\/photo-design.studio\/?page_id=5273","title":{"rendered":"INFO Weihnachtsfotoshooting"},"content":{"rendered":"\n<p>Ich melde mich bei euch mit leider keiner so guten Nachricht \ud83d\ude41<\/p>\n\n\n\n<p>Die steigenden Corona Zahlen sind der Grund warum ich mein Fotostudio f\u00fcr unbestimmte Zeit sperre.<\/p>\n\n\n\n<p>Da man schon so viele F\u00e4lle von Kinderg\u00e4rten und Schulen h\u00f6rt &#8211; bin ich gerade bei Familienfotoshootings sehr vorsichtig. Ich selber hatte erst einen Fall bei mir im Fotostudio &#8211; Kind negativ getestet in der Schule &#8211; nach meinem Fotoshooting Fieber und positiv getestet \u2026<\/p>\n\n\n\n<p>Es tut mir soooooo unglaublich leid &#8211; aber ich will mich und meine Familie so gut es geht sch\u00fctzen &#8211; und kein Cluster bei den Weihnachts-Mini-Shootings erzeugen.<\/p>\n\n\n\n<p>Beruhigt sich die Lage wieder &#8211; freu ich mich riiiiiesig auf ein Fotoshooting mit euch! \u2026 wenn wir noch Schnee vor Weihnachten bekommen &#8211; kann ich &#8211; ev. Outdoor ein Weihnachtsshooting mit euch machen &#8211; da melde ich mich wieder \ud83d\ude42<\/p>\n\n\n\n<p>ALLES LIEBE, BLEIBT GESUND &#8211; Karin<br>\nwww.photo-design.studio<\/p>\n\n\n\n<ul class=\"wp-block-gallery columns-4 is-cropped wp-block-gallery-1 is-layout-flex wp-block-gallery-is-layout-flex\"><li class=\"blocks-gallery-item\"><figure><img loading=\"lazy\" decoding=\"async\" width=\"1024\" height=\"683\" src=\"http:\/\/photo-design.studio\/wp-content\/uploads\/2020\/11\/Weihnachten2020-photoDESIGN-4-1024x683.jpg\" alt=\"\" data-id=\"3326\" data-link=\"http:\/\/photo-design.studio\/?attachment_id=3326\" class=\"wp-image-3326\" srcset=\"https:\/\/photo-design.studio\/wp-content\/uploads\/2020\/11\/Weihnachten2020-photoDESIGN-4-1024x683.jpg 1024w, https:\/\/photo-design.studio\/wp-content\/uploads\/2020\/11\/Weihnachten2020-photoDESIGN-4-300x200.jpg 300w, https:\/\/photo-design.studio\/wp-content\/uploads\/2020\/11\/Weihnachten2020-photoDESIGN-4-768x512.jpg 768w, https:\/\/photo-design.studio\/wp-content\/uploads\/2020\/11\/Weihnachten2020-photoDESIGN-4-1140x760.jpg 1140w\" sizes=\"(max-width: 1024px) 100vw, 1024px\" \/><\/figure><\/li><li class=\"blocks-gallery-item\"><figure><img loading=\"lazy\" decoding=\"async\" width=\"1024\" height=\"683\" src=\"http:\/\/photo-design.studio\/wp-content\/uploads\/2020\/11\/Weihnachten2020-photoDESIGN-2-1024x683.jpg\" alt=\"\" data-id=\"3325\" data-link=\"http:\/\/photo-design.studio\/?attachment_id=3325\" class=\"wp-image-3325\" srcset=\"https:\/\/photo-design.studio\/wp-content\/uploads\/2020\/11\/Weihnachten2020-photoDESIGN-2-1024x683.jpg 1024w, https:\/\/photo-design.studio\/wp-content\/uploads\/2020\/11\/Weihnachten2020-photoDESIGN-2-300x200.jpg 300w, https:\/\/photo-design.studio\/wp-content\/uploads\/2020\/11\/Weihnachten2020-photoDESIGN-2-768x512.jpg 768w, https:\/\/photo-design.studio\/wp-content\/uploads\/2020\/11\/Weihnachten2020-photoDESIGN-2-1140x760.jpg 1140w\" sizes=\"(max-width: 1024px) 100vw, 1024px\" \/><\/figure><\/li><li class=\"blocks-gallery-item\"><figure><img loading=\"lazy\" decoding=\"async\" width=\"1024\" height=\"683\" src=\"http:\/\/photo-design.studio\/wp-content\/uploads\/2019\/12\/Weihnachten-2019-5-1024x683.jpg\" alt=\"\" data-id=\"1274\" data-link=\"http:\/\/photo-design.studio\/?attachment_id=1274\" class=\"wp-image-1274\" srcset=\"https:\/\/photo-design.studio\/wp-content\/uploads\/2019\/12\/Weihnachten-2019-5-1024x683.jpg 1024w, https:\/\/photo-design.studio\/wp-content\/uploads\/2019\/12\/Weihnachten-2019-5-300x200.jpg 300w, https:\/\/photo-design.studio\/wp-content\/uploads\/2019\/12\/Weihnachten-2019-5-768x512.jpg 768w\" sizes=\"(max-width: 1024px) 100vw, 1024px\" \/><\/figure><\/li><li class=\"blocks-gallery-item\"><figure><img loading=\"lazy\" decoding=\"async\" width=\"1024\" height=\"683\" src=\"http:\/\/photo-design.studio\/wp-content\/uploads\/2019\/12\/Weihnachten-2019-3-2-1024x683.jpg\" alt=\"\" data-id=\"1260\" data-link=\"http:\/\/photo-design.studio\/?attachment_id=1260\" class=\"wp-image-1260\" srcset=\"https:\/\/photo-design.studio\/wp-content\/uploads\/2019\/12\/Weihnachten-2019-3-2-1024x683.jpg 1024w, https:\/\/photo-design.studio\/wp-content\/uploads\/2019\/12\/Weihnachten-2019-3-2-300x200.jpg 300w, https:\/\/photo-design.studio\/wp-content\/uploads\/2019\/12\/Weihnachten-2019-3-2-768x512.jpg 768w\" sizes=\"(max-width: 1024px) 100vw, 1024px\" \/><\/figure><\/li><\/ul>\n\n\n\n<p>Ich freue mich riesig auf ganz viele tolle Weihnachtsfotos mit euch! Ich baue 3-4 verschiedene Sets auf mit Christb\u00e4umen, Geschenken, eine coole neue vintage Ledercouch, s\u00fc\u00dfe neue Kindersessel, Schaukel, verschiedene Hintergr\u00fcnde und ganz viiiiiiel Studioschnee \ud83d\ude09<\/p>\n\n\n\n<p><strong>Die Kinder werden es lieben \ud83d\ude42<\/strong><\/p>\n\n\n\n<p>Gerne k\u00f6nnen auch neutrale Fotos gemacht werden!<\/p>\n\n\n\n<p>Kommt bitte in einem weihnachtlichen oder\/und gerne auch neutralem Outfit. Bitte neutrale, saubere Socken (schwarz\/wei\u00df\/grau) anziehen.<\/p>\n\n\n\n<p><strong>Preis: 125,&#8211; Euro<\/strong> inklusive 6 Fotos und 1 Karte digital per Download!<\/p>\n\n\n\n<p><\/p>\n\n\n\n<p><strong>Dauer: 20 Minuten<\/strong><a rel=\"noreferrer noopener\" href=\"http:\/\/photo-design.studio\/?page_id=182&amp;fbclid=IwAR22iI5k7--sWngsYPekElo3WrEb89H0M0W9jKPAdGYA4YR6OOREyTDRixo\" target=\"_blank\"><\/a><\/p>\n\n\n\n<p>Komme bitte in die <strong>Brunnenstra\u00dfe 37, 4873 Frankenburg<\/strong>, Bezirk V\u00f6cklabruck, Ober\u00f6sterreich<span style=\"font-weight: 600; background-color: rgb(232, 234, 235);\">.<\/span><\/p>\n\n\n\n<p>In Frankenburg immer Richtung&nbsp;<strong>GEWERBEZONE 2<\/strong>&nbsp;\u2013 und bei Schild&nbsp;<strong>EXPRESSION DANCE\/photoDESIGN<\/strong>Brunnenstra\u00dfe rauf.<\/p>\n\n\n\n<p><strong>ACHTUNG Navi f\u00fchrt manchmal in eine Sackgasse<\/strong>&nbsp;(nicht \u00fcber St\u00f6ckert fahren)! \u2013 Schotterweg \u2013 Privatstrasse<\/p>\n\n\n\n<p>Meine Handynummer: 0676 45 53 571<\/p>\n\n\n\n<p>Bitte schick mir noch eure&nbsp;<strong>Adresse<\/strong>&nbsp;und&nbsp;<strong>Telefonnummer<\/strong>&nbsp;durch \u2013 au\u00dferdem w\u00e4r es ganz super, wenn ihr mir schon mal vorab alle Namen durchschicken k\u00f6nntet: Name Mama, Name Papa, Name Kinder + Alter dazu, \u2026..<\/p>\n\n\n\n<p>Bitte p\u00fcnktlich zum Shooting kommen (<strong>nicht fr\u00fcher und nicht sp\u00e4ter \u2013 wegen der strikten Corona-Terminplanung)<\/strong>! <\/p>\n\n\n\n<p>F\u00fcr die Kinder ev. eine Belohnung f\u00fcrs Auto mitnehmen&nbsp;\ud83d\ude09<\/p>\n\n\n\n<p><strong>Bitte nur v\u00f6llig symptomfrei&nbsp;<\/strong>(kein Schnupfen, Husten, Halsweh, Geschmacks\/Geruchsverlust, \u2026)<strong>&nbsp;zum Shooting kommen. Bitte auch nicht kommen, wenn ihr Kontakt zu positiv getesteten Personen hattet!&nbsp;<\/strong><\/p>\n\n\n\n<p><strong>Bitte um fr\u00fcheste Bekanntgabe \u2013 falls ihr nicht kommen k\u00f6nnt!<\/strong><\/p>\n\n\n\n<p class=\"has-background has-luminous-vivid-amber-background-color\">Da das Fotostudio in meinem pivaten Haus stattfindet &#8211; m\u00f6chte ich auf Nummer Sicher gehen und bitte um einen&nbsp;<strong>TEST an einer Teststation<\/strong>&nbsp;oder den&nbsp;<strong>gratis Wohnzimmer-Test<\/strong> &#8211; <strong>auch bei Impfung und Genesung.<\/strong> Kinder bitte <strong>Ninja Pass<\/strong> mitbringen und kleine Kinder mit <strong>Lollipop- oder Wohnzimmer-Test<\/strong> testen. Ich DANKE euch!<\/p>\n\n\n\n<p><strong>Bitte mit Maske kommen<\/strong>&nbsp;(Eingang, Garderobe, Stiegenhaus) \u2013 Maske darf erst direkt im Studio abgenommen werden.&nbsp;<strong>Kinder bitte in der Garderobe noch H\u00e4nde waschen \u2013 Erwachsene beim Aufgang desinfizieren!<\/strong><\/p>\n\n\n\n<ul class=\"wp-block-gallery columns-4 is-cropped wp-block-gallery-2 is-layout-flex wp-block-gallery-is-layout-flex\"><li class=\"blocks-gallery-item\"><figure><img loading=\"lazy\" decoding=\"async\" width=\"683\" height=\"1024\" src=\"http:\/\/photo-design.studio\/wp-content\/uploads\/2020\/11\/Weihnachten2020-photoDESIGN-1-683x1024.jpg\" alt=\"\" data-id=\"3328\" data-link=\"http:\/\/photo-design.studio\/?attachment_id=3328\" class=\"wp-image-3328\" srcset=\"https:\/\/photo-design.studio\/wp-content\/uploads\/2020\/11\/Weihnachten2020-photoDESIGN-1-683x1024.jpg 683w, https:\/\/photo-design.studio\/wp-content\/uploads\/2020\/11\/Weihnachten2020-photoDESIGN-1-200x300.jpg 200w, https:\/\/photo-design.studio\/wp-content\/uploads\/2020\/11\/Weihnachten2020-photoDESIGN-1-768x1152.jpg 768w, https:\/\/photo-design.studio\/wp-content\/uploads\/2020\/11\/Weihnachten2020-photoDESIGN-1-1140x1710.jpg 1140w\" sizes=\"(max-width: 683px) 100vw, 683px\" \/><\/figure><\/li><li class=\"blocks-gallery-item\"><figure><img loading=\"lazy\" decoding=\"async\" width=\"742\" height=\"1024\" src=\"http:\/\/photo-design.studio\/wp-content\/uploads\/2020\/10\/Vorlage-Weihnachten-742x1024.jpg\" alt=\"\" data-id=\"3080\" data-link=\"http:\/\/photo-design.studio\/?attachment_id=3080\" class=\"wp-image-3080\" srcset=\"https:\/\/photo-design.studio\/wp-content\/uploads\/2020\/10\/Vorlage-Weihnachten-742x1024.jpg 742w, https:\/\/photo-design.studio\/wp-content\/uploads\/2020\/10\/Vorlage-Weihnachten-217x300.jpg 217w, https:\/\/photo-design.studio\/wp-content\/uploads\/2020\/10\/Vorlage-Weihnachten-768x1061.jpg 768w, https:\/\/photo-design.studio\/wp-content\/uploads\/2020\/10\/Vorlage-Weihnachten-1140x1574.jpg 1140w, https:\/\/photo-design.studio\/wp-content\/uploads\/2020\/10\/Vorlage-Weihnachten.jpg 1575w\" sizes=\"(max-width: 742px) 100vw, 742px\" \/><\/figure><\/li><li class=\"blocks-gallery-item\"><figure><img loading=\"lazy\" decoding=\"async\" width=\"742\" height=\"1024\" src=\"http:\/\/photo-design.studio\/wp-content\/uploads\/2020\/10\/Vorlage-Weihnachten-2-742x1024.jpg\" alt=\"\" data-id=\"3079\" data-link=\"http:\/\/photo-design.studio\/?attachment_id=3079\" class=\"wp-image-3079\" srcset=\"https:\/\/photo-design.studio\/wp-content\/uploads\/2020\/10\/Vorlage-Weihnachten-2-742x1024.jpg 742w, https:\/\/photo-design.studio\/wp-content\/uploads\/2020\/10\/Vorlage-Weihnachten-2-217x300.jpg 217w, https:\/\/photo-design.studio\/wp-content\/uploads\/2020\/10\/Vorlage-Weihnachten-2-768x1061.jpg 768w, https:\/\/photo-design.studio\/wp-content\/uploads\/2020\/10\/Vorlage-Weihnachten-2-1140x1574.jpg 1140w, https:\/\/photo-design.studio\/wp-content\/uploads\/2020\/10\/Vorlage-Weihnachten-2.jpg 1575w\" sizes=\"(max-width: 742px) 100vw, 742px\" \/><\/figure><\/li><li class=\"blocks-gallery-item\"><figure><img loading=\"lazy\" decoding=\"async\" width=\"683\" height=\"1024\" src=\"http:\/\/photo-design.studio\/wp-content\/uploads\/2019\/12\/Weihnachten-2019-12-2-683x1024.jpg\" alt=\"\" data-id=\"1279\" data-link=\"http:\/\/photo-design.studio\/?attachment_id=1279\" class=\"wp-image-1279\" srcset=\"https:\/\/photo-design.studio\/wp-content\/uploads\/2019\/12\/Weihnachten-2019-12-2-683x1024.jpg 683w, https:\/\/photo-design.studio\/wp-content\/uploads\/2019\/12\/Weihnachten-2019-12-2-200x300.jpg 200w, https:\/\/photo-design.studio\/wp-content\/uploads\/2019\/12\/Weihnachten-2019-12-2-768x1152.jpg 768w\" sizes=\"(max-width: 683px) 100vw, 683px\" \/><\/figure><\/li><li class=\"blocks-gallery-item\"><figure><img loading=\"lazy\" decoding=\"async\" width=\"683\" height=\"1024\" src=\"http:\/\/photo-design.studio\/wp-content\/uploads\/2019\/12\/Weihnachten-2019-3-3-683x1024.jpg\" alt=\"\" data-id=\"1278\" data-link=\"http:\/\/photo-design.studio\/?attachment_id=1278\" class=\"wp-image-1278\" srcset=\"https:\/\/photo-design.studio\/wp-content\/uploads\/2019\/12\/Weihnachten-2019-3-3-683x1024.jpg 683w, https:\/\/photo-design.studio\/wp-content\/uploads\/2019\/12\/Weihnachten-2019-3-3-200x300.jpg 200w, https:\/\/photo-design.studio\/wp-content\/uploads\/2019\/12\/Weihnachten-2019-3-3-768x1152.jpg 768w\" sizes=\"(max-width: 683px) 100vw, 683px\" \/><\/figure><\/li><li class=\"blocks-gallery-item\"><figure><img loading=\"lazy\" decoding=\"async\" width=\"683\" height=\"1024\" src=\"http:\/\/photo-design.studio\/wp-content\/uploads\/2019\/12\/Weihnachten-2019-12-1-683x1024.jpg\" alt=\"\" data-id=\"1277\" data-link=\"http:\/\/photo-design.studio\/?attachment_id=1277\" class=\"wp-image-1277\" srcset=\"https:\/\/photo-design.studio\/wp-content\/uploads\/2019\/12\/Weihnachten-2019-12-1-683x1024.jpg 683w, https:\/\/photo-design.studio\/wp-content\/uploads\/2019\/12\/Weihnachten-2019-12-1-200x300.jpg 200w, https:\/\/photo-design.studio\/wp-content\/uploads\/2019\/12\/Weihnachten-2019-12-1-768x1152.jpg 768w\" sizes=\"(max-width: 683px) 100vw, 683px\" \/><\/figure><\/li><li class=\"blocks-gallery-item\"><figure><img loading=\"lazy\" decoding=\"async\" width=\"683\" height=\"1024\" src=\"http:\/\/photo-design.studio\/wp-content\/uploads\/2019\/12\/Weihnachten-2019-17a-683x1024.jpg\" alt=\"\" data-id=\"1263\" data-link=\"http:\/\/photo-design.studio\/?attachment_id=1263\" class=\"wp-image-1263\" srcset=\"https:\/\/photo-design.studio\/wp-content\/uploads\/2019\/12\/Weihnachten-2019-17a-683x1024.jpg 683w, https:\/\/photo-design.studio\/wp-content\/uploads\/2019\/12\/Weihnachten-2019-17a-200x300.jpg 200w, https:\/\/photo-design.studio\/wp-content\/uploads\/2019\/12\/Weihnachten-2019-17a-768x1152.jpg 768w\" sizes=\"(max-width: 683px) 100vw, 683px\" \/><\/figure><\/li><li class=\"blocks-gallery-item\"><figure><img loading=\"lazy\" decoding=\"async\" width=\"683\" height=\"1024\" src=\"http:\/\/photo-design.studio\/wp-content\/uploads\/2019\/12\/Weihnachten-2019-42-683x1024.jpg\" alt=\"\" data-id=\"1252\" data-link=\"http:\/\/photo-design.studio\/?attachment_id=1252\" class=\"wp-image-1252\" srcset=\"https:\/\/photo-design.studio\/wp-content\/uploads\/2019\/12\/Weihnachten-2019-42-683x1024.jpg 683w, https:\/\/photo-design.studio\/wp-content\/uploads\/2019\/12\/Weihnachten-2019-42-200x300.jpg 200w, https:\/\/photo-design.studio\/wp-content\/uploads\/2019\/12\/Weihnachten-2019-42-768x1152.jpg 768w\" sizes=\"(max-width: 683px) 100vw, 683px\" \/><\/figure><\/li><\/ul>\n","protected":false},"excerpt":{"rendered":"<p>Ich melde mich bei euch mit leider keiner so guten Nachricht \ud83d\ude41 Die steigenden Corona Zahlen sind der Grund warum ich mein Fotostudio f\u00fcr unbestimmte Zeit sperre. Da man schon so viele F\u00e4lle von Kinderg\u00e4rten und Schulen h\u00f6rt &#8211; bin ich gerade bei Familienfotoshootings sehr vorsichtig. Ich selber hatte erst einen Fall bei mir im Fotostudio &#8211; Kind negativ getestet in der Schule &#8211; nach meinem Fotoshooting Fieber und positiv getestet \u2026 Es tut mir soooooo unglaublich leid &#8211; aber ich will mich und meine Familie so gut es geht sch\u00fctzen &#8211; und kein Cluster bei den Weihnachts-Mini-Shootings erzeugen. Beruhigt sich die Lage wieder &#8211; freu ich mich riiiiiesig auf ein Fotoshooting mit euch! \u2026 wenn wir noch Schnee vor Weihnachten bekommen &#8211; kann ich &#8211; ev. Outdoor ein Weihnachtsshooting mit euch machen &#8211; da melde ich mich wieder \ud83d\ude42 ALLES LIEBE, BLEIBT GESUND &#8211; Karin www.photo-design.studio Ich freue mich riesig auf ganz viele tolle Weihnachtsfotos mit euch! Ich baue 3-4 verschiedene Sets auf mit Christb\u00e4umen, Geschenken, eine coole neue vintage Ledercouch, s\u00fc\u00dfe neue Kindersessel, Schaukel, verschiedene Hintergr\u00fcnde und ganz viiiiiiel Studioschnee \ud83d\ude09 Die Kinder werden es lieben \ud83d\ude42 Gerne k\u00f6nnen auch neutrale Fotos gemacht werden! Kommt bitte in einem weihnachtlichen oder\/und gerne auch neutralem Outfit. Bitte neutrale, saubere Socken (schwarz\/wei\u00df\/grau) anziehen. Preis: 125,&#8211; Euro inklusive 6 Fotos und 1 Karte digital per Download! Dauer: 20 Minuten Komme bitte in die Brunnenstra\u00dfe 37, 4873 Frankenburg, Bezirk V\u00f6cklabruck, Ober\u00f6sterreich. In Frankenburg immer Richtung&nbsp;GEWERBEZONE 2&nbsp;\u2013 und bei Schild&nbsp;EXPRESSION DANCE\/photoDESIGNBrunnenstra\u00dfe rauf. ACHTUNG Navi f\u00fchrt manchmal in eine Sackgasse&nbsp;(nicht \u00fcber St\u00f6ckert fahren)! \u2013 Schotterweg \u2013 Privatstrasse Meine Handynummer: 0676 45 53 571 Bitte schick mir noch eure&nbsp;Adresse&nbsp;und&nbsp;Telefonnummer&nbsp;durch \u2013 au\u00dferdem w\u00e4r es ganz super, wenn ihr mir schon mal vorab alle Namen durchschicken k\u00f6nntet: Name Mama, Name Papa, Name Kinder + Alter dazu, \u2026.. Bitte p\u00fcnktlich zum Shooting kommen (nicht fr\u00fcher und nicht sp\u00e4ter \u2013 wegen der strikten Corona-Terminplanung)! F\u00fcr die Kinder ev. eine Belohnung f\u00fcrs Auto mitnehmen&nbsp;\ud83d\ude09 Bitte nur v\u00f6llig symptomfrei&nbsp;(kein Schnupfen, Husten, Halsweh, Geschmacks\/Geruchsverlust, \u2026)&nbsp;zum Shooting kommen. Bitte auch nicht kommen, wenn ihr Kontakt zu positiv getesteten Personen hattet!&nbsp; Bitte um fr\u00fcheste Bekanntgabe \u2013 falls ihr nicht kommen k\u00f6nnt! Da das Fotostudio in meinem pivaten Haus stattfindet &#8211; m\u00f6chte ich auf Nummer Sicher gehen und bitte um einen&nbsp;TEST an einer Teststation&nbsp;oder den&nbsp;gratis Wohnzimmer-Test &#8211; auch bei Impfung und Genesung. Kinder bitte Ninja Pass mitbringen und kleine Kinder mit Lollipop- oder Wohnzimmer-Test testen. Ich DANKE euch! Bitte mit Maske kommen&nbsp;(Eingang, Garderobe, Stiegenhaus) \u2013 Maske darf erst direkt im Studio abgenommen werden.&nbsp;Kinder bitte in der Garderobe noch H\u00e4nde waschen \u2013 Erwachsene beim Aufgang desinfizieren!<\/p>\n","protected":false},"author":1,"featured_media":0,"parent":0,"menu_order":0,"comment_status":"closed","ping_status":"closed","template":"","meta":{"footnotes":""},"_links":{"self":[{"href":"https:\/\/photo-design.studio\/index.php?rest_route=\/wp\/v2\/pages\/5273"}],"collection":[{"href":"https:\/\/photo-design.studio\/index.php?rest_route=\/wp\/v2\/pages"}],"about":[{"href":"https:\/\/photo-design.studio\/index.php?rest_route=\/wp\/v2\/types\/page"}],"author":[{"embeddable":true,"href":"https:\/\/photo-design.studio\/index.php?rest_route=\/wp\/v2\/users\/1"}],"replies":[{"embeddable":true,"href":"https:\/\/photo-design.studio\/index.php?rest_route=%2Fwp%2Fv2%2Fcomments&post=5273"}],"version-history":[{"count":35,"href":"https:\/\/photo-design.studio\/index.php?rest_route=\/wp\/v2\/pages\/5273\/revisions"}],"predecessor-version":[{"id":5477,"href":"https:\/\/photo-design.studio\/index.php?rest_route=\/wp\/v2\/pages\/5273\/revisions\/5477"}],"wp:attachment":[{"href":"https:\/\/photo-design.studio\/index.php?rest_route=%2Fwp%2Fv2%2Fmedia&parent=5273"}],"curies":[{"name":"wp","href":"https:\/\/api.w.org\/{rel}","templated":true}]}}