{"id":3005,"date":"2020-09-24T18:01:49","date_gmt":"2020-09-24T18:01:49","guid":{"rendered":"http:\/\/photo-design.studio\/?page_id=3005"},"modified":"2021-03-20T14:08:08","modified_gmt":"2021-03-20T14:08:08","slug":"mini-shooting-info","status":"publish","type":"page","link":"https:\/\/photo-design.studio\/?page_id=3005","title":{"rendered":"MINI SHOOTING OSTERN 2021"},"content":{"rendered":"\n<ul class=\"wp-block-gallery columns-3 is-cropped wp-block-gallery-1 is-layout-flex wp-block-gallery-is-layout-flex\"><li class=\"blocks-gallery-item\"><figure><img loading=\"lazy\" decoding=\"async\" width=\"683\" height=\"1024\" src=\"http:\/\/photo-design.studio\/wp-content\/uploads\/2021\/03\/3-M\u00e4rz-104-683x1024.jpg\" alt=\"\" data-id=\"4208\" data-link=\"http:\/\/photo-design.studio\/?attachment_id=4208\" class=\"wp-image-4208\" srcset=\"https:\/\/photo-design.studio\/wp-content\/uploads\/2021\/03\/3-M\u00e4rz-104-683x1024.jpg 683w, https:\/\/photo-design.studio\/wp-content\/uploads\/2021\/03\/3-M\u00e4rz-104-200x300.jpg 200w, https:\/\/photo-design.studio\/wp-content\/uploads\/2021\/03\/3-M\u00e4rz-104-768x1152.jpg 768w, https:\/\/photo-design.studio\/wp-content\/uploads\/2021\/03\/3-M\u00e4rz-104-1140x1710.jpg 1140w\" sizes=\"(max-width: 683px) 100vw, 683px\" \/><\/figure><\/li><li class=\"blocks-gallery-item\"><figure><img loading=\"lazy\" decoding=\"async\" width=\"683\" height=\"1024\" src=\"http:\/\/photo-design.studio\/wp-content\/uploads\/2021\/03\/3-M\u00e4rz-109-683x1024.jpg\" alt=\"\" data-id=\"4209\" data-link=\"http:\/\/photo-design.studio\/?attachment_id=4209\" class=\"wp-image-4209\" srcset=\"https:\/\/photo-design.studio\/wp-content\/uploads\/2021\/03\/3-M\u00e4rz-109-683x1024.jpg 683w, https:\/\/photo-design.studio\/wp-content\/uploads\/2021\/03\/3-M\u00e4rz-109-200x300.jpg 200w, https:\/\/photo-design.studio\/wp-content\/uploads\/2021\/03\/3-M\u00e4rz-109-768x1152.jpg 768w, https:\/\/photo-design.studio\/wp-content\/uploads\/2021\/03\/3-M\u00e4rz-109-1140x1710.jpg 1140w\" sizes=\"(max-width: 683px) 100vw, 683px\" \/><\/figure><\/li><li class=\"blocks-gallery-item\"><figure><img loading=\"lazy\" decoding=\"async\" width=\"683\" height=\"1024\" src=\"http:\/\/photo-design.studio\/wp-content\/uploads\/2021\/03\/3-M\u00e4rz-112-683x1024.jpg\" alt=\"\" data-id=\"4210\" data-link=\"http:\/\/photo-design.studio\/?attachment_id=4210\" class=\"wp-image-4210\" srcset=\"https:\/\/photo-design.studio\/wp-content\/uploads\/2021\/03\/3-M\u00e4rz-112-683x1024.jpg 683w, https:\/\/photo-design.studio\/wp-content\/uploads\/2021\/03\/3-M\u00e4rz-112-200x300.jpg 200w, https:\/\/photo-design.studio\/wp-content\/uploads\/2021\/03\/3-M\u00e4rz-112-768x1152.jpg 768w, https:\/\/photo-design.studio\/wp-content\/uploads\/2021\/03\/3-M\u00e4rz-112-1140x1710.jpg 1140w\" sizes=\"(max-width: 683px) 100vw, 683px\" \/><\/figure><\/li><\/ul>\n\n\n\n<ul class=\"wp-block-gallery columns-0 is-cropped wp-block-gallery-2 is-layout-flex wp-block-gallery-is-layout-flex\"><\/ul>\n\n\n\n<p style=\"text-align:left\" class=\"has-drop-cap\"><strong>Oster-Mini-Shooting: 120,&#8211; * 20 Minuten Shooting * 6 Fotos + 1 Karte digital&nbsp;per&nbsp;Downloadlink.<\/strong><\/p>\n\n\n\n<p><strong>Einige INFOS f\u00fcr euch \u2026<\/strong><\/p>\n\n\n\n<p><strong>Indoor-Studio-Adresse:<\/strong> Brunnenstra\u00dfe 37, 4873 Frankenburg, Bezirk V\u00f6cklabruck, Ober\u00f6sterreich<\/p>\n\n\n\n<p>In Frankenburg immer Richtung GEWERBEZONE 2 \u2013 und bei Schild EXPRESSION DANCE\/photoDESIGN Brunnenstra\u00dfe rauf &#8211; den Berg rauf &#8211; Haus auf der linken Seite (Rohbau-Zubau).<\/p>\n\n\n\n<p>Wenn das Wetter passt und wir <strong>Outdoor<\/strong> shooten schicke ich euch noch die genaue Adresse durch!<\/p>\n\n\n\n<p>Meine Handynummer: 0676 45 53 571<\/p>\n\n\n\n<p>Bitte schick mir noch eure <strong>Adresse<\/strong> und <strong>Telefonnummer<\/strong> &#8211; au\u00dferdem w\u00e4r es ganz super, wenn ihr mir schon mal vorab alle Namen durchschicken k\u00f6nntet: Name Mama, Name Papa, Name Kinder, &#8230;..<br><\/p>\n\n\n\n<p><\/p>\n\n\n\n<p class=\"has-medium-font-size\"><strong>OUTFIT<\/strong><\/p>\n\n\n\n<ul><li>kommt bitte gleich im Fotooutfit ins Studio.<\/li><li>bringt bitte sauber geputzte SCHUHE mit!<\/li><li>f\u00fcrs STUDIO sollte auch die Schuhsohle sauber sein&nbsp;<\/li><li>f\u00fcrs STUDIO zieht bitte auch neutrale Socken an \u2013 am Besten schwarz\/grau oder wei\u00df.<\/li><li>bei den OUTFITS ist es immer sch\u00f6n, wenn eine Einheit besteht &#8211; zu Ostern darf es ruhig ein bisschen bunter sein \ud83d\ude42<\/li><\/ul>\n\n\n\n<p class=\"has-medium-font-size\"><strong>INFOS zum ABLAUF<\/strong><br><\/p>\n\n\n\n<p>Bitte p\u00fcnktlich zum Shooting kommen (<strong>nicht fr\u00fcher und nicht sp\u00e4ter &#8211; wegen der strikten Corona-Terminplanung)<\/strong>! Die Kinder sollen satt ins Studio kommen &#8211; ev. eine Belohnung f\u00fcrs Auto mitnehmen \ud83d\ude09<\/p>\n\n\n\n<p><strong>COVID-19 VORSCHRIFT:<\/strong> <strong>Bitte nur v\u00f6llig symptomfrei <\/strong>(kein Schnupfen, Husten, Halsweh, Geschmacks\/Geruchsverlust, &#8230;)<strong> zum Shooting kommen. Bitte auch nicht kommen, wenn ihr in den letzten 2 Wochen Kontakt zu positiv getesteten Personen hattet&nbsp;&#8211;&nbsp;oder&nbsp;selber&nbsp;Corona&nbsp;hattet!<\/strong><\/p>\n\n\n\n<p><strong>Bitte um fr\u00fcheste und ehrliche Bekanntgabe!&nbsp;Ich&nbsp;vertraue&nbsp;euch!&nbsp;DANKE!<\/strong><\/p>\n\n\n\n<p>Wenn m\u00f6glich bitte den <strong>gratis &#8218;Wohnzimmertest&#8216;<\/strong> Zuhause noch machen!<\/p>\n\n\n\n<p><strong>Bitte mit Maske kommen<\/strong> &#8211; Maske muss auch im Studio oben bleiben &#8211; und darf nur direkt zum Fotografieren abgenommen werden. <strong>Kinder bitte in der Garderobe noch H\u00e4nde waschen &#8211; Erwachsene beim Aufgang H\u00e4nde desinfizieren!<\/strong><\/p>\n\n\n\n<p><strong>DANKE EUCH &#8211; leider ist es momentan nicht anders erlaubt!&nbsp;Ich&nbsp;freu&nbsp;mich&nbsp;schon&nbsp;riesig&nbsp;auf&nbsp;euch,&nbsp;Karin<\/strong><\/p>\n\n\n\n<p><\/p>\n\n\n\n<p>Beim Ostershooting baue ich 2-3 unterschiedliche Sets auf inklusive einem neutral wei\u00dfen Set. <\/p>\n\n\n\n<p><strong>Hier&nbsp;ein&nbsp;paar&nbsp;Beispiele&nbsp;von&nbsp;Weihnachten:<\/strong><\/p>\n\n\n\n<ul class=\"wp-block-gallery columns-3 is-cropped wp-block-gallery-3 is-layout-flex wp-block-gallery-is-layout-flex\"><li class=\"blocks-gallery-item\"><figure><img loading=\"lazy\" decoding=\"async\" width=\"683\" height=\"1024\" src=\"http:\/\/photo-design.studio\/wp-content\/uploads\/2019\/12\/Weihnachten-2019-12-2-683x1024.jpg\" alt=\"\" data-id=\"1279\" data-link=\"http:\/\/photo-design.studio\/?attachment_id=1279\" class=\"wp-image-1279\" srcset=\"https:\/\/photo-design.studio\/wp-content\/uploads\/2019\/12\/Weihnachten-2019-12-2-683x1024.jpg 683w, https:\/\/photo-design.studio\/wp-content\/uploads\/2019\/12\/Weihnachten-2019-12-2-200x300.jpg 200w, https:\/\/photo-design.studio\/wp-content\/uploads\/2019\/12\/Weihnachten-2019-12-2-768x1152.jpg 768w\" sizes=\"(max-width: 683px) 100vw, 683px\" \/><\/figure><\/li><li class=\"blocks-gallery-item\"><figure><img loading=\"lazy\" decoding=\"async\" width=\"683\" height=\"1024\" src=\"http:\/\/photo-design.studio\/wp-content\/uploads\/2019\/12\/Weihnachten-2019-3-3-683x1024.jpg\" alt=\"\" data-id=\"1278\" data-link=\"http:\/\/photo-design.studio\/?attachment_id=1278\" class=\"wp-image-1278\" srcset=\"https:\/\/photo-design.studio\/wp-content\/uploads\/2019\/12\/Weihnachten-2019-3-3-683x1024.jpg 683w, https:\/\/photo-design.studio\/wp-content\/uploads\/2019\/12\/Weihnachten-2019-3-3-200x300.jpg 200w, https:\/\/photo-design.studio\/wp-content\/uploads\/2019\/12\/Weihnachten-2019-3-3-768x1152.jpg 768w\" sizes=\"(max-width: 683px) 100vw, 683px\" \/><\/figure><\/li><li class=\"blocks-gallery-item\"><figure><img loading=\"lazy\" decoding=\"async\" width=\"683\" height=\"1024\" src=\"http:\/\/photo-design.studio\/wp-content\/uploads\/2019\/12\/Weihnachten-2019-17a-683x1024.jpg\" alt=\"\" data-id=\"1263\" data-link=\"http:\/\/photo-design.studio\/?attachment_id=1263\" class=\"wp-image-1263\" srcset=\"https:\/\/photo-design.studio\/wp-content\/uploads\/2019\/12\/Weihnachten-2019-17a-683x1024.jpg 683w, https:\/\/photo-design.studio\/wp-content\/uploads\/2019\/12\/Weihnachten-2019-17a-200x300.jpg 200w, https:\/\/photo-design.studio\/wp-content\/uploads\/2019\/12\/Weihnachten-2019-17a-768x1152.jpg 768w\" sizes=\"(max-width: 683px) 100vw, 683px\" \/><\/figure><\/li><\/ul>\n\n\n\n<ul class=\"wp-block-gallery columns-3 is-cropped wp-block-gallery-4 is-layout-flex wp-block-gallery-is-layout-flex\"><li class=\"blocks-gallery-item\"><figure><img loading=\"lazy\" decoding=\"async\" width=\"1024\" height=\"683\" src=\"http:\/\/photo-design.studio\/wp-content\/uploads\/2019\/12\/Weihnachten-2019-4-2-1024x683.jpg\" alt=\"\" data-id=\"1275\" data-link=\"http:\/\/photo-design.studio\/?attachment_id=1275\" class=\"wp-image-1275\" srcset=\"https:\/\/photo-design.studio\/wp-content\/uploads\/2019\/12\/Weihnachten-2019-4-2-1024x683.jpg 1024w, https:\/\/photo-design.studio\/wp-content\/uploads\/2019\/12\/Weihnachten-2019-4-2-300x200.jpg 300w, https:\/\/photo-design.studio\/wp-content\/uploads\/2019\/12\/Weihnachten-2019-4-2-768x512.jpg 768w\" sizes=\"(max-width: 1024px) 100vw, 1024px\" \/><\/figure><\/li><li class=\"blocks-gallery-item\"><figure><img loading=\"lazy\" decoding=\"async\" width=\"1024\" height=\"683\" src=\"http:\/\/photo-design.studio\/wp-content\/uploads\/2019\/12\/Christmas-2019-6-1-1024x683.jpg\" alt=\"\" data-id=\"1272\" data-link=\"http:\/\/photo-design.studio\/?attachment_id=1272\" class=\"wp-image-1272\" srcset=\"https:\/\/photo-design.studio\/wp-content\/uploads\/2019\/12\/Christmas-2019-6-1-1024x683.jpg 1024w, https:\/\/photo-design.studio\/wp-content\/uploads\/2019\/12\/Christmas-2019-6-1-300x200.jpg 300w, https:\/\/photo-design.studio\/wp-content\/uploads\/2019\/12\/Christmas-2019-6-1-768x512.jpg 768w\" sizes=\"(max-width: 1024px) 100vw, 1024px\" \/><\/figure><\/li><li class=\"blocks-gallery-item\"><figure><img loading=\"lazy\" decoding=\"async\" width=\"1024\" height=\"683\" src=\"http:\/\/photo-design.studio\/wp-content\/uploads\/2019\/12\/Weihnachten-2019-3-2-1024x683.jpg\" alt=\"\" data-id=\"1260\" data-link=\"http:\/\/photo-design.studio\/?attachment_id=1260\" class=\"wp-image-1260\" srcset=\"https:\/\/photo-design.studio\/wp-content\/uploads\/2019\/12\/Weihnachten-2019-3-2-1024x683.jpg 1024w, https:\/\/photo-design.studio\/wp-content\/uploads\/2019\/12\/Weihnachten-2019-3-2-300x200.jpg 300w, https:\/\/photo-design.studio\/wp-content\/uploads\/2019\/12\/Weihnachten-2019-3-2-768x512.jpg 768w\" sizes=\"(max-width: 1024px) 100vw, 1024px\" \/><\/figure><\/li><li class=\"blocks-gallery-item\"><figure><img loading=\"lazy\" decoding=\"async\" width=\"1024\" height=\"683\" src=\"http:\/\/photo-design.studio\/wp-content\/uploads\/2019\/12\/Weihnachten-2019-9a-1024x683.jpg\" alt=\"\" data-id=\"1255\" data-link=\"http:\/\/photo-design.studio\/?attachment_id=1255\" class=\"wp-image-1255\" srcset=\"https:\/\/photo-design.studio\/wp-content\/uploads\/2019\/12\/Weihnachten-2019-9a-1024x683.jpg 1024w, https:\/\/photo-design.studio\/wp-content\/uploads\/2019\/12\/Weihnachten-2019-9a-300x200.jpg 300w, https:\/\/photo-design.studio\/wp-content\/uploads\/2019\/12\/Weihnachten-2019-9a-768x512.jpg 768w\" sizes=\"(max-width: 1024px) 100vw, 1024px\" \/><\/figure><\/li><li class=\"blocks-gallery-item\"><figure><img loading=\"lazy\" decoding=\"async\" width=\"1024\" height=\"683\" src=\"http:\/\/photo-design.studio\/wp-content\/uploads\/2019\/12\/Christmas-2019-1a-1024x683.jpg\" alt=\"\" data-id=\"1250\" data-link=\"http:\/\/photo-design.studio\/?attachment_id=1250\" class=\"wp-image-1250\" srcset=\"https:\/\/photo-design.studio\/wp-content\/uploads\/2019\/12\/Christmas-2019-1a-1024x683.jpg 1024w, https:\/\/photo-design.studio\/wp-content\/uploads\/2019\/12\/Christmas-2019-1a-300x200.jpg 300w, https:\/\/photo-design.studio\/wp-content\/uploads\/2019\/12\/Christmas-2019-1a-768x512.jpg 768w\" sizes=\"(max-width: 1024px) 100vw, 1024px\" \/><\/figure><\/li><li class=\"blocks-gallery-item\"><figure><img loading=\"lazy\" decoding=\"async\" width=\"1024\" height=\"683\" src=\"http:\/\/photo-design.studio\/wp-content\/uploads\/2019\/12\/Christmas-2019-17a-1024x683.jpg\" alt=\"\" data-id=\"1248\" data-link=\"http:\/\/photo-design.studio\/?attachment_id=1248\" class=\"wp-image-1248\" srcset=\"https:\/\/photo-design.studio\/wp-content\/uploads\/2019\/12\/Christmas-2019-17a-1024x683.jpg 1024w, https:\/\/photo-design.studio\/wp-content\/uploads\/2019\/12\/Christmas-2019-17a-300x200.jpg 300w, https:\/\/photo-design.studio\/wp-content\/uploads\/2019\/12\/Christmas-2019-17a-768x512.jpg 768w\" sizes=\"(max-width: 1024px) 100vw, 1024px\" \/><\/figure><\/li><li class=\"blocks-gallery-item\"><figure><img loading=\"lazy\" decoding=\"async\" width=\"1024\" height=\"683\" src=\"http:\/\/photo-design.studio\/wp-content\/uploads\/2019\/12\/Christmas-2019-3a-1024x683.jpg\" alt=\"\" data-id=\"1247\" data-link=\"http:\/\/photo-design.studio\/?attachment_id=1247\" class=\"wp-image-1247\" srcset=\"https:\/\/photo-design.studio\/wp-content\/uploads\/2019\/12\/Christmas-2019-3a-1024x683.jpg 1024w, https:\/\/photo-design.studio\/wp-content\/uploads\/2019\/12\/Christmas-2019-3a-300x200.jpg 300w, https:\/\/photo-design.studio\/wp-content\/uploads\/2019\/12\/Christmas-2019-3a-768x512.jpg 768w\" sizes=\"(max-width: 1024px) 100vw, 1024px\" \/><\/figure><\/li><li class=\"blocks-gallery-item\"><figure><img loading=\"lazy\" decoding=\"async\" width=\"1024\" height=\"683\" src=\"http:\/\/photo-design.studio\/wp-content\/uploads\/2019\/12\/Christmas-2019-28-1024x683.jpg\" alt=\"\" data-id=\"1245\" data-link=\"http:\/\/photo-design.studio\/?attachment_id=1245\" class=\"wp-image-1245\" srcset=\"https:\/\/photo-design.studio\/wp-content\/uploads\/2019\/12\/Christmas-2019-28-1024x683.jpg 1024w, https:\/\/photo-design.studio\/wp-content\/uploads\/2019\/12\/Christmas-2019-28-300x200.jpg 300w, https:\/\/photo-design.studio\/wp-content\/uploads\/2019\/12\/Christmas-2019-28-768x512.jpg 768w\" sizes=\"(max-width: 1024px) 100vw, 1024px\" \/><\/figure><\/li><li class=\"blocks-gallery-item\"><figure><img loading=\"lazy\" decoding=\"async\" width=\"1024\" height=\"683\" src=\"http:\/\/photo-design.studio\/wp-content\/uploads\/2019\/12\/Christmas-2019-6-1024x683.jpg\" alt=\"\" data-id=\"1243\" data-link=\"http:\/\/photo-design.studio\/?attachment_id=1243\" class=\"wp-image-1243\" srcset=\"https:\/\/photo-design.studio\/wp-content\/uploads\/2019\/12\/Christmas-2019-6-1024x683.jpg 1024w, https:\/\/photo-design.studio\/wp-content\/uploads\/2019\/12\/Christmas-2019-6-300x200.jpg 300w, https:\/\/photo-design.studio\/wp-content\/uploads\/2019\/12\/Christmas-2019-6-768x512.jpg 768w\" sizes=\"(max-width: 1024px) 100vw, 1024px\" \/><\/figure><\/li><\/ul>\n\n\n\n<p><strong>Neutrales wei\u00dfes Set &#8211; gerne mit einem 2ten neutralen Outfit:<\/strong><\/p>\n\n\n\n<ul class=\"wp-block-gallery columns-3 is-cropped wp-block-gallery-5 is-layout-flex wp-block-gallery-is-layout-flex\"><li class=\"blocks-gallery-item\"><figure><img loading=\"lazy\" decoding=\"async\" width=\"1024\" height=\"683\" src=\"http:\/\/photo-design.studio\/wp-content\/uploads\/2020\/04\/photoDESIGN-2020-17-1024x683.jpg\" alt=\"\" data-id=\"1652\" data-link=\"http:\/\/photo-design.studio\/?attachment_id=1652\" class=\"wp-image-1652\" srcset=\"https:\/\/photo-design.studio\/wp-content\/uploads\/2020\/04\/photoDESIGN-2020-17-1024x683.jpg 1024w, https:\/\/photo-design.studio\/wp-content\/uploads\/2020\/04\/photoDESIGN-2020-17-300x200.jpg 300w, https:\/\/photo-design.studio\/wp-content\/uploads\/2020\/04\/photoDESIGN-2020-17-768x512.jpg 768w, https:\/\/photo-design.studio\/wp-content\/uploads\/2020\/04\/photoDESIGN-2020-17-1140x760.jpg 1140w\" sizes=\"(max-width: 1024px) 100vw, 1024px\" \/><\/figure><\/li><li class=\"blocks-gallery-item\"><figure><img loading=\"lazy\" decoding=\"async\" width=\"1024\" height=\"683\" src=\"http:\/\/photo-design.studio\/wp-content\/uploads\/2020\/04\/photoDESIGN-2020-20-1-1024x683.jpg\" alt=\"\" data-id=\"1654\" data-link=\"http:\/\/photo-design.studio\/?attachment_id=1654\" class=\"wp-image-1654\" srcset=\"https:\/\/photo-design.studio\/wp-content\/uploads\/2020\/04\/photoDESIGN-2020-20-1-1024x683.jpg 1024w, https:\/\/photo-design.studio\/wp-content\/uploads\/2020\/04\/photoDESIGN-2020-20-1-300x200.jpg 300w, https:\/\/photo-design.studio\/wp-content\/uploads\/2020\/04\/photoDESIGN-2020-20-1-768x512.jpg 768w, https:\/\/photo-design.studio\/wp-content\/uploads\/2020\/04\/photoDESIGN-2020-20-1-1140x760.jpg 1140w\" sizes=\"(max-width: 1024px) 100vw, 1024px\" \/><\/figure><\/li><li class=\"blocks-gallery-item\"><figure><img loading=\"lazy\" decoding=\"async\" width=\"1024\" height=\"683\" src=\"http:\/\/photo-design.studio\/wp-content\/uploads\/2020\/04\/photoDESIGN-2020-27-1024x683.jpg\" alt=\"\" data-id=\"1655\" data-link=\"http:\/\/photo-design.studio\/?attachment_id=1655\" class=\"wp-image-1655\" srcset=\"https:\/\/photo-design.studio\/wp-content\/uploads\/2020\/04\/photoDESIGN-2020-27-1024x683.jpg 1024w, https:\/\/photo-design.studio\/wp-content\/uploads\/2020\/04\/photoDESIGN-2020-27-300x200.jpg 300w, https:\/\/photo-design.studio\/wp-content\/uploads\/2020\/04\/photoDESIGN-2020-27-768x512.jpg 768w, https:\/\/photo-design.studio\/wp-content\/uploads\/2020\/04\/photoDESIGN-2020-27-1140x760.jpg 1140w\" sizes=\"(max-width: 1024px) 100vw, 1024px\" \/><\/figure><\/li><li class=\"blocks-gallery-item\"><figure><img loading=\"lazy\" decoding=\"async\" width=\"1024\" height=\"683\" src=\"http:\/\/photo-design.studio\/wp-content\/uploads\/2020\/04\/photoDESIGN-2020-26-1024x683.jpg\" alt=\"\" data-id=\"1656\" data-link=\"http:\/\/photo-design.studio\/?attachment_id=1656\" class=\"wp-image-1656\" srcset=\"https:\/\/photo-design.studio\/wp-content\/uploads\/2020\/04\/photoDESIGN-2020-26-1024x683.jpg 1024w, https:\/\/photo-design.studio\/wp-content\/uploads\/2020\/04\/photoDESIGN-2020-26-300x200.jpg 300w, https:\/\/photo-design.studio\/wp-content\/uploads\/2020\/04\/photoDESIGN-2020-26-768x512.jpg 768w, https:\/\/photo-design.studio\/wp-content\/uploads\/2020\/04\/photoDESIGN-2020-26-1140x760.jpg 1140w\" sizes=\"(max-width: 1024px) 100vw, 1024px\" \/><\/figure><\/li><li class=\"blocks-gallery-item\"><figure><img loading=\"lazy\" decoding=\"async\" width=\"1024\" height=\"683\" src=\"http:\/\/photo-design.studio\/wp-content\/uploads\/2020\/04\/photoDESIGN-2020-58-1024x683.jpg\" alt=\"\" data-id=\"1657\" data-link=\"http:\/\/photo-design.studio\/?attachment_id=1657\" class=\"wp-image-1657\" srcset=\"https:\/\/photo-design.studio\/wp-content\/uploads\/2020\/04\/photoDESIGN-2020-58-1024x683.jpg 1024w, https:\/\/photo-design.studio\/wp-content\/uploads\/2020\/04\/photoDESIGN-2020-58-300x200.jpg 300w, https:\/\/photo-design.studio\/wp-content\/uploads\/2020\/04\/photoDESIGN-2020-58-768x512.jpg 768w, https:\/\/photo-design.studio\/wp-content\/uploads\/2020\/04\/photoDESIGN-2020-58-1140x760.jpg 1140w\" sizes=\"(max-width: 1024px) 100vw, 1024px\" \/><\/figure><\/li><li class=\"blocks-gallery-item\"><figure><img loading=\"lazy\" decoding=\"async\" width=\"1024\" height=\"683\" src=\"http:\/\/photo-design.studio\/wp-content\/uploads\/2020\/04\/photoDESIGN-4-1024x683.jpg\" alt=\"\" data-id=\"1673\" data-link=\"http:\/\/photo-design.studio\/?attachment_id=1673\" class=\"wp-image-1673\" srcset=\"https:\/\/photo-design.studio\/wp-content\/uploads\/2020\/04\/photoDESIGN-4-1024x683.jpg 1024w, https:\/\/photo-design.studio\/wp-content\/uploads\/2020\/04\/photoDESIGN-4-300x200.jpg 300w, https:\/\/photo-design.studio\/wp-content\/uploads\/2020\/04\/photoDESIGN-4-768x512.jpg 768w, https:\/\/photo-design.studio\/wp-content\/uploads\/2020\/04\/photoDESIGN-4-1140x760.jpg 1140w\" sizes=\"(max-width: 1024px) 100vw, 1024px\" \/><\/figure><\/li><li class=\"blocks-gallery-item\"><figure><img loading=\"lazy\" decoding=\"async\" width=\"1024\" height=\"683\" src=\"http:\/\/photo-design.studio\/wp-content\/uploads\/2020\/04\/photoDESIGN-9-1-1024x683.jpg\" alt=\"\" data-id=\"1672\" data-link=\"http:\/\/photo-design.studio\/?attachment_id=1672\" class=\"wp-image-1672\" srcset=\"https:\/\/photo-design.studio\/wp-content\/uploads\/2020\/04\/photoDESIGN-9-1-1024x683.jpg 1024w, https:\/\/photo-design.studio\/wp-content\/uploads\/2020\/04\/photoDESIGN-9-1-300x200.jpg 300w, https:\/\/photo-design.studio\/wp-content\/uploads\/2020\/04\/photoDESIGN-9-1-768x512.jpg 768w, https:\/\/photo-design.studio\/wp-content\/uploads\/2020\/04\/photoDESIGN-9-1-1140x760.jpg 1140w\" sizes=\"(max-width: 1024px) 100vw, 1024px\" \/><\/figure><\/li><li class=\"blocks-gallery-item\"><figure><img loading=\"lazy\" decoding=\"async\" width=\"1024\" height=\"683\" src=\"http:\/\/photo-design.studio\/wp-content\/uploads\/2020\/04\/photoDESIGN-7-1-1024x683.jpg\" alt=\"\" data-id=\"1674\" data-link=\"http:\/\/photo-design.studio\/?attachment_id=1674\" class=\"wp-image-1674\" srcset=\"https:\/\/photo-design.studio\/wp-content\/uploads\/2020\/04\/photoDESIGN-7-1-1024x683.jpg 1024w, https:\/\/photo-design.studio\/wp-content\/uploads\/2020\/04\/photoDESIGN-7-1-300x200.jpg 300w, https:\/\/photo-design.studio\/wp-content\/uploads\/2020\/04\/photoDESIGN-7-1-768x512.jpg 768w, https:\/\/photo-design.studio\/wp-content\/uploads\/2020\/04\/photoDESIGN-7-1-1140x760.jpg 1140w\" sizes=\"(max-width: 1024px) 100vw, 1024px\" \/><\/figure><\/li><\/ul>\n\n\n\n<p><\/p>\n\n\n\n<p>Bei weiteren Fragen meldet euch gerne bei mir.<\/p>\n\n\n\n<p><br>Ich freu mich schon sehr auf das Fotoshooting mit euch! Karin<\/p>\n\n\n\n<ul class=\"wp-block-gallery columns-0 is-cropped wp-block-gallery-6 is-layout-flex wp-block-gallery-is-layout-flex\"><\/ul>\n\n\n\n<p><br><br><\/p>\n\n\n\n<p><br><br><\/p>\n","protected":false},"excerpt":{"rendered":"<p>Oster-Mini-Shooting: 120,&#8211; * 20 Minuten Shooting * 6 Fotos + 1 Karte digital&nbsp;per&nbsp;Downloadlink. Einige INFOS f\u00fcr euch \u2026 Indoor-Studio-Adresse: Brunnenstra\u00dfe 37, 4873 Frankenburg, Bezirk V\u00f6cklabruck, Ober\u00f6sterreich In Frankenburg immer Richtung GEWERBEZONE 2 \u2013 und bei Schild EXPRESSION DANCE\/photoDESIGN Brunnenstra\u00dfe rauf &#8211; den Berg rauf &#8211; Haus auf der linken Seite (Rohbau-Zubau). Wenn das Wetter passt und wir Outdoor shooten schicke ich euch noch die genaue Adresse durch! Meine Handynummer: 0676 45 53 571 Bitte schick mir noch eure Adresse und Telefonnummer &#8211; au\u00dferdem w\u00e4r es ganz super, wenn ihr mir schon mal vorab alle Namen durchschicken k\u00f6nntet: Name Mama, Name Papa, Name Kinder, &#8230;.. OUTFIT kommt bitte gleich im Fotooutfit ins Studio. bringt bitte sauber geputzte SCHUHE mit! f\u00fcrs STUDIO sollte auch die Schuhsohle sauber sein&nbsp; f\u00fcrs STUDIO zieht bitte auch neutrale Socken an \u2013 am Besten schwarz\/grau oder wei\u00df. bei den OUTFITS ist es immer sch\u00f6n, wenn eine Einheit besteht &#8211; zu Ostern darf es ruhig ein bisschen bunter sein \ud83d\ude42 INFOS zum ABLAUF Bitte p\u00fcnktlich zum Shooting kommen (nicht fr\u00fcher und nicht sp\u00e4ter &#8211; wegen der strikten Corona-Terminplanung)! Die Kinder sollen satt ins Studio kommen &#8211; ev. eine Belohnung f\u00fcrs Auto mitnehmen \ud83d\ude09 COVID-19 VORSCHRIFT: Bitte nur v\u00f6llig symptomfrei (kein Schnupfen, Husten, Halsweh, Geschmacks\/Geruchsverlust, &#8230;) zum Shooting kommen. Bitte auch nicht kommen, wenn ihr in den letzten 2 Wochen Kontakt zu positiv getesteten Personen hattet&nbsp;&#8211;&nbsp;oder&nbsp;selber&nbsp;Corona&nbsp;hattet! Bitte um fr\u00fcheste und ehrliche Bekanntgabe!&nbsp;Ich&nbsp;vertraue&nbsp;euch!&nbsp;DANKE! Wenn m\u00f6glich bitte den gratis &#8218;Wohnzimmertest&#8216; Zuhause noch machen! Bitte mit Maske kommen &#8211; Maske muss auch im Studio oben bleiben &#8211; und darf nur direkt zum Fotografieren abgenommen werden. Kinder bitte in der Garderobe noch H\u00e4nde waschen &#8211; Erwachsene beim Aufgang H\u00e4nde desinfizieren! DANKE EUCH &#8211; leider ist es momentan nicht anders erlaubt!&nbsp;Ich&nbsp;freu&nbsp;mich&nbsp;schon&nbsp;riesig&nbsp;auf&nbsp;euch,&nbsp;Karin Beim Ostershooting baue ich 2-3 unterschiedliche Sets auf inklusive einem neutral wei\u00dfen Set. Hier&nbsp;ein&nbsp;paar&nbsp;Beispiele&nbsp;von&nbsp;Weihnachten: Neutrales wei\u00dfes Set &#8211; gerne mit einem 2ten neutralen Outfit: Bei weiteren Fragen meldet euch gerne bei mir. Ich freu mich schon sehr auf das Fotoshooting mit euch! Karin<\/p>\n","protected":false},"author":1,"featured_media":0,"parent":0,"menu_order":0,"comment_status":"closed","ping_status":"closed","template":"","meta":{"footnotes":""},"_links":{"self":[{"href":"https:\/\/photo-design.studio\/index.php?rest_route=\/wp\/v2\/pages\/3005"}],"collection":[{"href":"https:\/\/photo-design.studio\/index.php?rest_route=\/wp\/v2\/pages"}],"about":[{"href":"https:\/\/photo-design.studio\/index.php?rest_route=\/wp\/v2\/types\/page"}],"author":[{"embeddable":true,"href":"https:\/\/photo-design.studio\/index.php?rest_route=\/wp\/v2\/users\/1"}],"replies":[{"embeddable":true,"href":"https:\/\/photo-design.studio\/index.php?rest_route=%2Fwp%2Fv2%2Fcomments&post=3005"}],"version-history":[{"count":76,"href":"https:\/\/photo-design.studio\/index.php?rest_route=\/wp\/v2\/pages\/3005\/revisions"}],"predecessor-version":[{"id":4211,"href":"https:\/\/photo-design.studio\/index.php?rest_route=\/wp\/v2\/pages\/3005\/revisions\/4211"}],"wp:attachment":[{"href":"https:\/\/photo-design.studio\/index.php?rest_route=%2Fwp%2Fv2%2Fmedia&parent=3005"}],"curies":[{"name":"wp","href":"https:\/\/api.w.org\/{rel}","templated":true}]}}