{"id":221,"date":"2019-01-14T22:33:23","date_gmt":"2019-01-14T22:33:23","guid":{"rendered":"http:\/\/photo-design.studio\/?page_id=221"},"modified":"2024-11-16T20:36:45","modified_gmt":"2024-11-16T20:36:45","slug":"dessous","status":"publish","type":"page","link":"https:\/\/photo-design.studio\/?page_id=221","title":{"rendered":"Dessous"},"content":{"rendered":"\n<p>Dessous-Shooting (auch als Teil des Einzelshootings m\u00f6glich): 50 Minuten<br><\/p>\n\n\n\n<p>Hier meine Fotopakete:<\/p>\n\n\n\n<ul>\n<li>10 Fotos inklusive:\u00a0<strong>Euro 275,\u2013 online<\/strong><\/li>\n\n\n\n<li>20 Fotos inklusive:\u00a0<strong>Euro 350,\u2013\u00a0online<\/strong><\/li>\n\n\n\n<li>30 Fotos inklusive:\u00a0<strong>Euro 450,\u2013 online\u00a0&amp;\u00a0Fotobuch<\/strong><\/li>\n\n\n\n<li>45 Fotos inklusive:\u00a0<strong>Euro 520,\u2013 online\u00a0&amp;\u00a0Fotobuch<\/strong>\u00a0*jedes weitere Foto: 5,\u2013 Euro<\/li>\n\n\n\n<li>Selbstabholung oder Versand zwischen 2,75 und 4,30 Euro<\/li>\n<\/ul>\n\n\n\n<p>Kurz nach dem Shooting bekommt ihr eine <strong>VORAUSWAHL mit ALLEN GUTEN FOTOS vom SHOOTING<\/strong> &#8211; und ihr k\u00f6nnt <strong>selber eure FOTOS AUSW\u00c4HLEN!&nbsp;<\/strong>Nach Auswahl erfolgt die <strong>Bearbeitung und auf Wunsch Beauty Retusche.&nbsp;<\/strong>Ihr bekommt eure <strong>Fotos fertig ausgearbeitet per DOWNLOADLINK und&nbsp;die&nbsp;FOTOAUSDRUCKE&nbsp;per&nbsp;Post&nbsp;oder&nbsp;Selbstabholung&nbsp;bei&nbsp;mir&nbsp;im&nbsp;Studio.<\/strong><\/p>\n\n\n\n<p><strong>Auf Wunsch auch Fotobestellung<\/strong> m\u00f6glich. Fotoausdrucke in Fotolabor-Qualit\u00e4t ab 0,80 Euro pro St\u00fcck &#8230; alle Produkte und Gr\u00f6\u00dfen siehe <a href=\"http:\/\/photo-design.studio\/?page_id=1785\">FOTOPRODUKTE<\/a><\/p>\n\n\n\n<figure class=\"wp-block-gallery has-nested-images columns-6 is-cropped wp-block-gallery-1 is-layout-flex wp-block-gallery-is-layout-flex\">\n<figure class=\"wp-block-image\"><img loading=\"lazy\" decoding=\"async\" width=\"1024\" height=\"724\" data-id=\"458\" src=\"http:\/\/photo-design.studio\/wp-content\/uploads\/2019\/04\/Collage-VS-2-1024x724.jpg\" alt=\"\" class=\"wp-image-458\" srcset=\"https:\/\/photo-design.studio\/wp-content\/uploads\/2019\/04\/Collage-VS-2-1024x724.jpg 1024w, https:\/\/photo-design.studio\/wp-content\/uploads\/2019\/04\/Collage-VS-2-300x212.jpg 300w, https:\/\/photo-design.studio\/wp-content\/uploads\/2019\/04\/Collage-VS-2-768x543.jpg 768w\" sizes=\"(max-width: 1024px) 100vw, 1024px\" \/><\/figure>\n\n\n\n<figure class=\"wp-block-image\"><img loading=\"lazy\" decoding=\"async\" width=\"1024\" height=\"724\" data-id=\"459\" src=\"http:\/\/photo-design.studio\/wp-content\/uploads\/2019\/04\/Collage-VS-1-1-1024x724.jpg\" alt=\"\" class=\"wp-image-459\" srcset=\"https:\/\/photo-design.studio\/wp-content\/uploads\/2019\/04\/Collage-VS-1-1-1024x724.jpg 1024w, https:\/\/photo-design.studio\/wp-content\/uploads\/2019\/04\/Collage-VS-1-1-300x212.jpg 300w, https:\/\/photo-design.studio\/wp-content\/uploads\/2019\/04\/Collage-VS-1-1-768x543.jpg 768w\" sizes=\"(max-width: 1024px) 100vw, 1024px\" \/><\/figure>\n\n\n\n<figure class=\"wp-block-image\"><img loading=\"lazy\" decoding=\"async\" width=\"1024\" height=\"724\" data-id=\"461\" src=\"http:\/\/photo-design.studio\/wp-content\/uploads\/2019\/04\/Collage-VS-4-1024x724.jpg\" alt=\"\" class=\"wp-image-461\" srcset=\"https:\/\/photo-design.studio\/wp-content\/uploads\/2019\/04\/Collage-VS-4-1024x724.jpg 1024w, https:\/\/photo-design.studio\/wp-content\/uploads\/2019\/04\/Collage-VS-4-300x212.jpg 300w, https:\/\/photo-design.studio\/wp-content\/uploads\/2019\/04\/Collage-VS-4-768x543.jpg 768w\" sizes=\"(max-width: 1024px) 100vw, 1024px\" \/><\/figure>\n\n\n\n<figure class=\"wp-block-image\"><img loading=\"lazy\" decoding=\"async\" width=\"1024\" height=\"683\" data-id=\"462\" src=\"http:\/\/photo-design.studio\/wp-content\/uploads\/2019\/04\/Collage-VS-5-1024x683.jpg\" alt=\"\" class=\"wp-image-462\" srcset=\"https:\/\/photo-design.studio\/wp-content\/uploads\/2019\/04\/Collage-VS-5-1024x683.jpg 1024w, https:\/\/photo-design.studio\/wp-content\/uploads\/2019\/04\/Collage-VS-5-300x200.jpg 300w, https:\/\/photo-design.studio\/wp-content\/uploads\/2019\/04\/Collage-VS-5-768x512.jpg 768w\" sizes=\"(max-width: 1024px) 100vw, 1024px\" \/><\/figure>\n\n\n\n<figure class=\"wp-block-image\"><img loading=\"lazy\" decoding=\"async\" width=\"1024\" height=\"724\" data-id=\"463\" src=\"http:\/\/photo-design.studio\/wp-content\/uploads\/2019\/04\/Collage-VS-6-1024x724.jpg\" alt=\"\" class=\"wp-image-463\" srcset=\"https:\/\/photo-design.studio\/wp-content\/uploads\/2019\/04\/Collage-VS-6-1024x724.jpg 1024w, https:\/\/photo-design.studio\/wp-content\/uploads\/2019\/04\/Collage-VS-6-300x212.jpg 300w, https:\/\/photo-design.studio\/wp-content\/uploads\/2019\/04\/Collage-VS-6-768x543.jpg 768w\" sizes=\"(max-width: 1024px) 100vw, 1024px\" \/><\/figure>\n\n\n\n<figure class=\"wp-block-image\"><img loading=\"lazy\" decoding=\"async\" width=\"1024\" height=\"724\" data-id=\"464\" src=\"http:\/\/photo-design.studio\/wp-content\/uploads\/2019\/04\/Collage-VS-7-1024x724.jpg\" alt=\"\" class=\"wp-image-464\" srcset=\"https:\/\/photo-design.studio\/wp-content\/uploads\/2019\/04\/Collage-VS-7-1024x724.jpg 1024w, https:\/\/photo-design.studio\/wp-content\/uploads\/2019\/04\/Collage-VS-7-300x212.jpg 300w, https:\/\/photo-design.studio\/wp-content\/uploads\/2019\/04\/Collage-VS-7-768x543.jpg 768w\" sizes=\"(max-width: 1024px) 100vw, 1024px\" \/><\/figure>\n\n\n\n<figure class=\"wp-block-image\"><img loading=\"lazy\" decoding=\"async\" width=\"1024\" height=\"724\" data-id=\"465\" src=\"http:\/\/photo-design.studio\/wp-content\/uploads\/2019\/04\/Collage-VS-8-1024x724.jpg\" alt=\"\" class=\"wp-image-465\" srcset=\"https:\/\/photo-design.studio\/wp-content\/uploads\/2019\/04\/Collage-VS-8-1024x724.jpg 1024w, https:\/\/photo-design.studio\/wp-content\/uploads\/2019\/04\/Collage-VS-8-300x212.jpg 300w, https:\/\/photo-design.studio\/wp-content\/uploads\/2019\/04\/Collage-VS-8-768x543.jpg 768w\" sizes=\"(max-width: 1024px) 100vw, 1024px\" \/><\/figure>\n\n\n\n<figure class=\"wp-block-image\"><img loading=\"lazy\" decoding=\"async\" width=\"1024\" height=\"724\" data-id=\"466\" src=\"http:\/\/photo-design.studio\/wp-content\/uploads\/2019\/04\/Collage-VS-9-1024x724.jpg\" alt=\"\" class=\"wp-image-466\" srcset=\"https:\/\/photo-design.studio\/wp-content\/uploads\/2019\/04\/Collage-VS-9-1024x724.jpg 1024w, https:\/\/photo-design.studio\/wp-content\/uploads\/2019\/04\/Collage-VS-9-300x212.jpg 300w, https:\/\/photo-design.studio\/wp-content\/uploads\/2019\/04\/Collage-VS-9-768x543.jpg 768w\" sizes=\"(max-width: 1024px) 100vw, 1024px\" \/><\/figure>\n\n\n\n<figure class=\"wp-block-image\"><img loading=\"lazy\" decoding=\"async\" width=\"1024\" height=\"724\" data-id=\"467\" src=\"http:\/\/photo-design.studio\/wp-content\/uploads\/2019\/04\/Collage-VS-11-1024x724.jpg\" alt=\"\" class=\"wp-image-467\" srcset=\"https:\/\/photo-design.studio\/wp-content\/uploads\/2019\/04\/Collage-VS-11-1024x724.jpg 1024w, https:\/\/photo-design.studio\/wp-content\/uploads\/2019\/04\/Collage-VS-11-300x212.jpg 300w, https:\/\/photo-design.studio\/wp-content\/uploads\/2019\/04\/Collage-VS-11-768x543.jpg 768w\" sizes=\"(max-width: 1024px) 100vw, 1024px\" \/><\/figure>\n\n\n\n<figure class=\"wp-block-image\"><img loading=\"lazy\" decoding=\"async\" width=\"1024\" height=\"724\" data-id=\"468\" src=\"http:\/\/photo-design.studio\/wp-content\/uploads\/2019\/04\/Collage-VS-12-1024x724.jpg\" alt=\"\" class=\"wp-image-468\" srcset=\"https:\/\/photo-design.studio\/wp-content\/uploads\/2019\/04\/Collage-VS-12-1024x724.jpg 1024w, https:\/\/photo-design.studio\/wp-content\/uploads\/2019\/04\/Collage-VS-12-300x212.jpg 300w, https:\/\/photo-design.studio\/wp-content\/uploads\/2019\/04\/Collage-VS-12-768x543.jpg 768w\" sizes=\"(max-width: 1024px) 100vw, 1024px\" \/><\/figure>\n<\/figure>\n\n\n\n<figure class=\"wp-block-gallery has-nested-images columns-default is-cropped wp-block-gallery-2 is-layout-flex wp-block-gallery-is-layout-flex\"><\/figure>\n\n\n\n<figure class=\"wp-block-gallery has-nested-images columns-4 is-cropped wp-block-gallery-3 is-layout-flex wp-block-gallery-is-layout-flex\">\n<figure class=\"wp-block-image\"><img loading=\"lazy\" decoding=\"async\" width=\"683\" height=\"1024\" data-id=\"425\" src=\"http:\/\/photo-design.studio\/wp-content\/uploads\/2019\/04\/photoDESIGN-FACES2019-2-1-683x1024.jpg\" alt=\"\" class=\"wp-image-425\" srcset=\"https:\/\/photo-design.studio\/wp-content\/uploads\/2019\/04\/photoDESIGN-FACES2019-2-1-683x1024.jpg 683w, https:\/\/photo-design.studio\/wp-content\/uploads\/2019\/04\/photoDESIGN-FACES2019-2-1-200x300.jpg 200w, https:\/\/photo-design.studio\/wp-content\/uploads\/2019\/04\/photoDESIGN-FACES2019-2-1-768x1152.jpg 768w\" sizes=\"(max-width: 683px) 100vw, 683px\" \/><\/figure>\n\n\n\n<figure class=\"wp-block-image\"><img loading=\"lazy\" decoding=\"async\" width=\"683\" height=\"1024\" data-id=\"429\" src=\"http:\/\/photo-design.studio\/wp-content\/uploads\/2019\/04\/photoDESIGN-FACES2019-14a-683x1024.jpg\" alt=\"\" class=\"wp-image-429\" srcset=\"https:\/\/photo-design.studio\/wp-content\/uploads\/2019\/04\/photoDESIGN-FACES2019-14a-683x1024.jpg 683w, https:\/\/photo-design.studio\/wp-content\/uploads\/2019\/04\/photoDESIGN-FACES2019-14a-200x300.jpg 200w, https:\/\/photo-design.studio\/wp-content\/uploads\/2019\/04\/photoDESIGN-FACES2019-14a-768x1152.jpg 768w\" sizes=\"(max-width: 683px) 100vw, 683px\" \/><\/figure>\n\n\n\n<figure class=\"wp-block-image\"><img loading=\"lazy\" decoding=\"async\" width=\"683\" height=\"1024\" data-id=\"430\" src=\"http:\/\/photo-design.studio\/wp-content\/uploads\/2019\/04\/photoDESIGN-FACES2019-4-1-683x1024.jpg\" alt=\"\" class=\"wp-image-430\" srcset=\"https:\/\/photo-design.studio\/wp-content\/uploads\/2019\/04\/photoDESIGN-FACES2019-4-1-683x1024.jpg 683w, https:\/\/photo-design.studio\/wp-content\/uploads\/2019\/04\/photoDESIGN-FACES2019-4-1-200x300.jpg 200w, https:\/\/photo-design.studio\/wp-content\/uploads\/2019\/04\/photoDESIGN-FACES2019-4-1-768x1152.jpg 768w\" sizes=\"(max-width: 683px) 100vw, 683px\" \/><\/figure>\n\n\n\n<figure class=\"wp-block-image\"><img loading=\"lazy\" decoding=\"async\" width=\"683\" height=\"1024\" data-id=\"431\" src=\"http:\/\/photo-design.studio\/wp-content\/uploads\/2019\/04\/photoDESIGN-FACES2019-24-1-683x1024.jpg\" alt=\"\" class=\"wp-image-431\" srcset=\"https:\/\/photo-design.studio\/wp-content\/uploads\/2019\/04\/photoDESIGN-FACES2019-24-1-683x1024.jpg 683w, https:\/\/photo-design.studio\/wp-content\/uploads\/2019\/04\/photoDESIGN-FACES2019-24-1-200x300.jpg 200w, https:\/\/photo-design.studio\/wp-content\/uploads\/2019\/04\/photoDESIGN-FACES2019-24-1-768x1152.jpg 768w\" sizes=\"(max-width: 683px) 100vw, 683px\" \/><\/figure>\n<\/figure>\n\n\n\n<figure class=\"wp-block-gallery has-nested-images columns-default is-cropped wp-block-gallery-4 is-layout-flex wp-block-gallery-is-layout-flex\"><\/figure>\n\n\n\n<figure class=\"wp-block-gallery has-nested-images columns-default is-cropped wp-block-gallery-5 is-layout-flex wp-block-gallery-is-layout-flex\"><\/figure>\n\n\n\n<figure class=\"wp-block-gallery has-nested-images columns-0 is-cropped wp-block-gallery-6 is-layout-flex wp-block-gallery-is-layout-flex\"><\/figure>\n\n\n\n<figure class=\"wp-block-gallery has-nested-images columns-default is-cropped wp-block-gallery-7 is-layout-flex wp-block-gallery-is-layout-flex\"><\/figure>\n","protected":false},"excerpt":{"rendered":"<p>Dessous-Shooting (auch als Teil des Einzelshootings m\u00f6glich): 50 Minuten Hier meine Fotopakete: Kurz nach dem Shooting bekommt ihr eine VORAUSWAHL mit ALLEN GUTEN FOTOS vom SHOOTING &#8211; und ihr k\u00f6nnt selber eure FOTOS AUSW\u00c4HLEN!&nbsp;Nach Auswahl erfolgt die Bearbeitung und auf Wunsch Beauty Retusche.&nbsp;Ihr bekommt eure Fotos fertig ausgearbeitet per DOWNLOADLINK und&nbsp;die&nbsp;FOTOAUSDRUCKE&nbsp;per&nbsp;Post&nbsp;oder&nbsp;Selbstabholung&nbsp;bei&nbsp;mir&nbsp;im&nbsp;Studio. Auf Wunsch auch Fotobestellung m\u00f6glich. Fotoausdrucke in Fotolabor-Qualit\u00e4t ab 0,80 Euro pro St\u00fcck &#8230; alle Produkte und Gr\u00f6\u00dfen siehe FOTOPRODUKTE<\/p>\n","protected":false},"author":1,"featured_media":0,"parent":0,"menu_order":0,"comment_status":"closed","ping_status":"closed","template":"","meta":{"footnotes":""},"_links":{"self":[{"href":"https:\/\/photo-design.studio\/index.php?rest_route=\/wp\/v2\/pages\/221"}],"collection":[{"href":"https:\/\/photo-design.studio\/index.php?rest_route=\/wp\/v2\/pages"}],"about":[{"href":"https:\/\/photo-design.studio\/index.php?rest_route=\/wp\/v2\/types\/page"}],"author":[{"embeddable":true,"href":"https:\/\/photo-design.studio\/index.php?rest_route=\/wp\/v2\/users\/1"}],"replies":[{"embeddable":true,"href":"https:\/\/photo-design.studio\/index.php?rest_route=%2Fwp%2Fv2%2Fcomments&post=221"}],"version-history":[{"count":51,"href":"https:\/\/photo-design.studio\/index.php?rest_route=\/wp\/v2\/pages\/221\/revisions"}],"predecessor-version":[{"id":6369,"href":"https:\/\/photo-design.studio\/index.php?rest_route=\/wp\/v2\/pages\/221\/revisions\/6369"}],"wp:attachment":[{"href":"https:\/\/photo-design.studio\/index.php?rest_route=%2Fwp%2Fv2%2Fmedia&parent=221"}],"curies":[{"name":"wp","href":"https:\/\/api.w.org\/{rel}","templated":true}]}}