{"id":182,"date":"2019-01-14T22:10:09","date_gmt":"2019-01-14T22:10:09","guid":{"rendered":"http:\/\/photo-design.studio\/?page_id=182"},"modified":"2025-10-15T09:09:50","modified_gmt":"2025-10-15T09:09:50","slug":"baby-kinder","status":"publish","type":"page","link":"https:\/\/photo-design.studio\/?page_id=182","title":{"rendered":"Mini Fotoshooting"},"content":{"rendered":"\n<figure class=\"wp-block-image size-large\"><img loading=\"lazy\" decoding=\"async\" width=\"1024\" height=\"724\" src=\"https:\/\/photo-design.studio\/wp-content\/uploads\/2025\/10\/Weihnachts-Mini-Fotoshooting-1024x724.jpg\" alt=\"\" class=\"wp-image-6489\" srcset=\"https:\/\/photo-design.studio\/wp-content\/uploads\/2025\/10\/Weihnachts-Mini-Fotoshooting-1024x724.jpg 1024w, https:\/\/photo-design.studio\/wp-content\/uploads\/2025\/10\/Weihnachts-Mini-Fotoshooting-300x212.jpg 300w, https:\/\/photo-design.studio\/wp-content\/uploads\/2025\/10\/Weihnachts-Mini-Fotoshooting-768x543.jpg 768w, https:\/\/photo-design.studio\/wp-content\/uploads\/2025\/10\/Weihnachts-Mini-Fotoshooting-1536x1086.jpg 1536w, https:\/\/photo-design.studio\/wp-content\/uploads\/2025\/10\/Weihnachts-Mini-Fotoshooting-2048x1448.jpg 2048w, https:\/\/photo-design.studio\/wp-content\/uploads\/2025\/10\/Weihnachts-Mini-Fotoshooting-1140x806.jpg 1140w\" sizes=\"(max-width: 1024px) 100vw, 1024px\" \/><\/figure>\n\n\n\n<p><strong>Mini Fotoshootings: 120,&#8211; Euro f\u00fcr 15 Minuten inkl. 5 Fotos online als Download.<\/strong> Jedes weitere Foto: 15,&#8211; Euro<\/p>\n\n\n\n<ul>\n<li>Egal ob Portrait, Babybauch, Familie, P\u00e4rchen, Business &#8230; hier ist alles m\u00f6glich!<\/li>\n\n\n\n<li>Und ich bin immer wieder fasziniert wie tolle Fotos man in 15 Minuten machen kann! \ud83d\ude42<\/li>\n\n\n\n<li>Ausgenommen: Newborn, Hochzeiten und Dessous<\/li>\n<\/ul>\n\n\n\n<p>F\u00fcr bestimmte Anl\u00e4sse biete ich Mini-Fotoshootings mit tollen Sets an: Ostern, Weihnachten, Sommer<\/p>\n\n\n\n<figure class=\"wp-block-gallery has-nested-images columns-6 is-cropped wp-block-gallery-1 is-layout-flex wp-block-gallery-is-layout-flex\">\n<figure class=\"wp-block-image\"><img loading=\"lazy\" decoding=\"async\" width=\"683\" height=\"1024\" data-id=\"1279\" src=\"http:\/\/photo-design.studio\/wp-content\/uploads\/2019\/12\/Weihnachten-2019-12-2-683x1024.jpg\" alt=\"\" class=\"wp-image-1279\" srcset=\"https:\/\/photo-design.studio\/wp-content\/uploads\/2019\/12\/Weihnachten-2019-12-2-683x1024.jpg 683w, https:\/\/photo-design.studio\/wp-content\/uploads\/2019\/12\/Weihnachten-2019-12-2-200x300.jpg 200w, https:\/\/photo-design.studio\/wp-content\/uploads\/2019\/12\/Weihnachten-2019-12-2-768x1152.jpg 768w\" sizes=\"(max-width: 683px) 100vw, 683px\" \/><\/figure>\n\n\n\n<figure class=\"wp-block-image\"><img loading=\"lazy\" decoding=\"async\" width=\"683\" height=\"1024\" data-id=\"1278\" src=\"http:\/\/photo-design.studio\/wp-content\/uploads\/2019\/12\/Weihnachten-2019-3-3-683x1024.jpg\" alt=\"\" class=\"wp-image-1278\" srcset=\"https:\/\/photo-design.studio\/wp-content\/uploads\/2019\/12\/Weihnachten-2019-3-3-683x1024.jpg 683w, https:\/\/photo-design.studio\/wp-content\/uploads\/2019\/12\/Weihnachten-2019-3-3-200x300.jpg 200w, https:\/\/photo-design.studio\/wp-content\/uploads\/2019\/12\/Weihnachten-2019-3-3-768x1152.jpg 768w\" sizes=\"(max-width: 683px) 100vw, 683px\" \/><\/figure>\n\n\n\n<figure class=\"wp-block-image\"><img loading=\"lazy\" decoding=\"async\" width=\"683\" height=\"1024\" data-id=\"1262\" src=\"http:\/\/photo-design.studio\/wp-content\/uploads\/2019\/12\/Weihnachten-2019-9-1-683x1024.jpg\" alt=\"\" class=\"wp-image-1262\" srcset=\"https:\/\/photo-design.studio\/wp-content\/uploads\/2019\/12\/Weihnachten-2019-9-1-683x1024.jpg 683w, https:\/\/photo-design.studio\/wp-content\/uploads\/2019\/12\/Weihnachten-2019-9-1-200x300.jpg 200w, https:\/\/photo-design.studio\/wp-content\/uploads\/2019\/12\/Weihnachten-2019-9-1-768x1152.jpg 768w\" sizes=\"(max-width: 683px) 100vw, 683px\" \/><\/figure>\n\n\n\n<figure class=\"wp-block-image\"><img loading=\"lazy\" decoding=\"async\" width=\"683\" height=\"1024\" data-id=\"1252\" src=\"http:\/\/photo-design.studio\/wp-content\/uploads\/2019\/12\/Weihnachten-2019-42-683x1024.jpg\" alt=\"\" class=\"wp-image-1252\" srcset=\"https:\/\/photo-design.studio\/wp-content\/uploads\/2019\/12\/Weihnachten-2019-42-683x1024.jpg 683w, https:\/\/photo-design.studio\/wp-content\/uploads\/2019\/12\/Weihnachten-2019-42-200x300.jpg 200w, https:\/\/photo-design.studio\/wp-content\/uploads\/2019\/12\/Weihnachten-2019-42-768x1152.jpg 768w\" sizes=\"(max-width: 683px) 100vw, 683px\" \/><\/figure>\n\n\n\n<figure class=\"wp-block-image\"><img loading=\"lazy\" decoding=\"async\" width=\"683\" height=\"1024\" data-id=\"1251\" src=\"http:\/\/photo-design.studio\/wp-content\/uploads\/2019\/12\/Christmas-2019-5-683x1024.jpg\" alt=\"\" class=\"wp-image-1251\" srcset=\"https:\/\/photo-design.studio\/wp-content\/uploads\/2019\/12\/Christmas-2019-5-683x1024.jpg 683w, https:\/\/photo-design.studio\/wp-content\/uploads\/2019\/12\/Christmas-2019-5-200x300.jpg 200w, https:\/\/photo-design.studio\/wp-content\/uploads\/2019\/12\/Christmas-2019-5-768x1152.jpg 768w\" sizes=\"(max-width: 683px) 100vw, 683px\" \/><\/figure>\n\n\n\n<figure class=\"wp-block-image\"><img loading=\"lazy\" decoding=\"async\" width=\"683\" height=\"1024\" data-id=\"1242\" src=\"http:\/\/photo-design.studio\/wp-content\/uploads\/2019\/12\/Christmas-2019-8a-683x1024.jpg\" alt=\"\" class=\"wp-image-1242\" srcset=\"https:\/\/photo-design.studio\/wp-content\/uploads\/2019\/12\/Christmas-2019-8a-683x1024.jpg 683w, https:\/\/photo-design.studio\/wp-content\/uploads\/2019\/12\/Christmas-2019-8a-200x300.jpg 200w, https:\/\/photo-design.studio\/wp-content\/uploads\/2019\/12\/Christmas-2019-8a-768x1152.jpg 768w\" sizes=\"(max-width: 683px) 100vw, 683px\" \/><\/figure>\n<\/figure>\n\n\n\n<figure class=\"wp-block-gallery has-nested-images columns-4 is-cropped wp-block-gallery-2 is-layout-flex wp-block-gallery-is-layout-flex\">\n<figure class=\"wp-block-image\"><img loading=\"lazy\" decoding=\"async\" width=\"1024\" height=\"683\" data-id=\"1275\" src=\"http:\/\/photo-design.studio\/wp-content\/uploads\/2019\/12\/Weihnachten-2019-4-2-1024x683.jpg\" alt=\"\" class=\"wp-image-1275\" srcset=\"https:\/\/photo-design.studio\/wp-content\/uploads\/2019\/12\/Weihnachten-2019-4-2-1024x683.jpg 1024w, https:\/\/photo-design.studio\/wp-content\/uploads\/2019\/12\/Weihnachten-2019-4-2-300x200.jpg 300w, https:\/\/photo-design.studio\/wp-content\/uploads\/2019\/12\/Weihnachten-2019-4-2-768x512.jpg 768w\" sizes=\"(max-width: 1024px) 100vw, 1024px\" \/><\/figure>\n\n\n\n<figure class=\"wp-block-image\"><img loading=\"lazy\" decoding=\"async\" width=\"1024\" height=\"683\" data-id=\"1274\" src=\"http:\/\/photo-design.studio\/wp-content\/uploads\/2019\/12\/Weihnachten-2019-5-1024x683.jpg\" alt=\"\" class=\"wp-image-1274\" srcset=\"https:\/\/photo-design.studio\/wp-content\/uploads\/2019\/12\/Weihnachten-2019-5-1024x683.jpg 1024w, https:\/\/photo-design.studio\/wp-content\/uploads\/2019\/12\/Weihnachten-2019-5-300x200.jpg 300w, https:\/\/photo-design.studio\/wp-content\/uploads\/2019\/12\/Weihnachten-2019-5-768x512.jpg 768w\" sizes=\"(max-width: 1024px) 100vw, 1024px\" \/><\/figure>\n\n\n\n<figure class=\"wp-block-image\"><img loading=\"lazy\" decoding=\"async\" width=\"1024\" height=\"683\" data-id=\"1257\" src=\"http:\/\/photo-design.studio\/wp-content\/uploads\/2019\/12\/Weihnachten-2019-3-1-1024x683.jpg\" alt=\"\" class=\"wp-image-1257\" srcset=\"https:\/\/photo-design.studio\/wp-content\/uploads\/2019\/12\/Weihnachten-2019-3-1-1024x683.jpg 1024w, https:\/\/photo-design.studio\/wp-content\/uploads\/2019\/12\/Weihnachten-2019-3-1-300x200.jpg 300w, https:\/\/photo-design.studio\/wp-content\/uploads\/2019\/12\/Weihnachten-2019-3-1-768x512.jpg 768w\" sizes=\"(max-width: 1024px) 100vw, 1024px\" \/><\/figure>\n\n\n\n<figure class=\"wp-block-image\"><img loading=\"lazy\" decoding=\"async\" width=\"1024\" height=\"683\" data-id=\"1255\" src=\"http:\/\/photo-design.studio\/wp-content\/uploads\/2019\/12\/Weihnachten-2019-9a-1024x683.jpg\" alt=\"\" class=\"wp-image-1255\" srcset=\"https:\/\/photo-design.studio\/wp-content\/uploads\/2019\/12\/Weihnachten-2019-9a-1024x683.jpg 1024w, https:\/\/photo-design.studio\/wp-content\/uploads\/2019\/12\/Weihnachten-2019-9a-300x200.jpg 300w, https:\/\/photo-design.studio\/wp-content\/uploads\/2019\/12\/Weihnachten-2019-9a-768x512.jpg 768w\" sizes=\"(max-width: 1024px) 100vw, 1024px\" \/><\/figure>\n\n\n\n<figure class=\"wp-block-image\"><img loading=\"lazy\" decoding=\"async\" width=\"1024\" height=\"683\" data-id=\"1254\" src=\"http:\/\/photo-design.studio\/wp-content\/uploads\/2019\/12\/Christmas-2019-1-1024x683.jpg\" alt=\"\" class=\"wp-image-1254\" srcset=\"https:\/\/photo-design.studio\/wp-content\/uploads\/2019\/12\/Christmas-2019-1-1024x683.jpg 1024w, https:\/\/photo-design.studio\/wp-content\/uploads\/2019\/12\/Christmas-2019-1-300x200.jpg 300w, https:\/\/photo-design.studio\/wp-content\/uploads\/2019\/12\/Christmas-2019-1-768x512.jpg 768w\" sizes=\"(max-width: 1024px) 100vw, 1024px\" \/><\/figure>\n\n\n\n<figure class=\"wp-block-image\"><img loading=\"lazy\" decoding=\"async\" width=\"1024\" height=\"683\" data-id=\"1248\" src=\"http:\/\/photo-design.studio\/wp-content\/uploads\/2019\/12\/Christmas-2019-17a-1024x683.jpg\" alt=\"\" class=\"wp-image-1248\" srcset=\"https:\/\/photo-design.studio\/wp-content\/uploads\/2019\/12\/Christmas-2019-17a-1024x683.jpg 1024w, https:\/\/photo-design.studio\/wp-content\/uploads\/2019\/12\/Christmas-2019-17a-300x200.jpg 300w, https:\/\/photo-design.studio\/wp-content\/uploads\/2019\/12\/Christmas-2019-17a-768x512.jpg 768w\" sizes=\"(max-width: 1024px) 100vw, 1024px\" \/><\/figure>\n\n\n\n<figure class=\"wp-block-image\"><img loading=\"lazy\" decoding=\"async\" width=\"1024\" height=\"683\" data-id=\"1250\" src=\"http:\/\/photo-design.studio\/wp-content\/uploads\/2019\/12\/Christmas-2019-1a-1024x683.jpg\" alt=\"\" class=\"wp-image-1250\" srcset=\"https:\/\/photo-design.studio\/wp-content\/uploads\/2019\/12\/Christmas-2019-1a-1024x683.jpg 1024w, https:\/\/photo-design.studio\/wp-content\/uploads\/2019\/12\/Christmas-2019-1a-300x200.jpg 300w, https:\/\/photo-design.studio\/wp-content\/uploads\/2019\/12\/Christmas-2019-1a-768x512.jpg 768w\" sizes=\"(max-width: 1024px) 100vw, 1024px\" \/><\/figure>\n\n\n\n<figure class=\"wp-block-image\"><img loading=\"lazy\" decoding=\"async\" width=\"1024\" height=\"683\" data-id=\"1247\" src=\"http:\/\/photo-design.studio\/wp-content\/uploads\/2019\/12\/Christmas-2019-3a-1024x683.jpg\" alt=\"\" class=\"wp-image-1247\" srcset=\"https:\/\/photo-design.studio\/wp-content\/uploads\/2019\/12\/Christmas-2019-3a-1024x683.jpg 1024w, https:\/\/photo-design.studio\/wp-content\/uploads\/2019\/12\/Christmas-2019-3a-300x200.jpg 300w, https:\/\/photo-design.studio\/wp-content\/uploads\/2019\/12\/Christmas-2019-3a-768x512.jpg 768w\" sizes=\"(max-width: 1024px) 100vw, 1024px\" \/><\/figure>\n<\/figure>\n\n\n\n<figure class=\"wp-block-gallery has-nested-images columns-4 is-cropped wp-block-gallery-3 is-layout-flex wp-block-gallery-is-layout-flex\"><\/figure>\n","protected":false},"excerpt":{"rendered":"<p>Mini Fotoshootings: 120,&#8211; Euro f\u00fcr 15 Minuten inkl. 5 Fotos online als Download. Jedes weitere Foto: 15,&#8211; Euro F\u00fcr bestimmte Anl\u00e4sse biete ich Mini-Fotoshootings mit tollen Sets an: Ostern, Weihnachten, Sommer<\/p>\n","protected":false},"author":1,"featured_media":0,"parent":0,"menu_order":0,"comment_status":"closed","ping_status":"closed","template":"","meta":{"footnotes":""},"_links":{"self":[{"href":"https:\/\/photo-design.studio\/index.php?rest_route=\/wp\/v2\/pages\/182"}],"collection":[{"href":"https:\/\/photo-design.studio\/index.php?rest_route=\/wp\/v2\/pages"}],"about":[{"href":"https:\/\/photo-design.studio\/index.php?rest_route=\/wp\/v2\/types\/page"}],"author":[{"embeddable":true,"href":"https:\/\/photo-design.studio\/index.php?rest_route=\/wp\/v2\/users\/1"}],"replies":[{"embeddable":true,"href":"https:\/\/photo-design.studio\/index.php?rest_route=%2Fwp%2Fv2%2Fcomments&post=182"}],"version-history":[{"count":193,"href":"https:\/\/photo-design.studio\/index.php?rest_route=\/wp\/v2\/pages\/182\/revisions"}],"predecessor-version":[{"id":6491,"href":"https:\/\/photo-design.studio\/index.php?rest_route=\/wp\/v2\/pages\/182\/revisions\/6491"}],"wp:attachment":[{"href":"https:\/\/photo-design.studio\/index.php?rest_route=%2Fwp%2Fv2%2Fmedia&parent=182"}],"curies":[{"name":"wp","href":"https:\/\/api.w.org\/{rel}","templated":true}]}}