{"id":1785,"date":"2020-04-29T18:27:03","date_gmt":"2020-04-29T18:27:03","guid":{"rendered":"http:\/\/photo-design.studio\/?page_id=1785"},"modified":"2023-06-15T06:41:24","modified_gmt":"2023-06-15T06:41:24","slug":"fotoprodukte","status":"publish","type":"page","link":"https:\/\/photo-design.studio\/?page_id=1785","title":{"rendered":"Fotoprodukte"},"content":{"rendered":"\n<h6 class=\"has-text-align-center wp-block-heading\"><br><\/h6>\n\n\n\n<p>Hier k\u00f6nnt ihr zwischen vielen verschiedenen Fotopaketen ausw\u00e4hlen:<\/p>\n\n\n\n<figure class=\"wp-block-gallery has-nested-images columns-4 is-cropped wp-block-gallery-1 is-layout-flex wp-block-gallery-is-layout-flex\">\n<figure class=\"wp-block-image\"><img loading=\"lazy\" decoding=\"async\" width=\"1024\" height=\"683\" data-id=\"3538\" src=\"https:\/\/photo-design.studio\/wp-content\/uploads\/2020\/12\/Fotoprodukte-photoDESIGNKarinLacher-46-1024x683.jpg\" alt=\"\" class=\"wp-image-3538\" srcset=\"https:\/\/photo-design.studio\/wp-content\/uploads\/2020\/12\/Fotoprodukte-photoDESIGNKarinLacher-46-1024x683.jpg 1024w, https:\/\/photo-design.studio\/wp-content\/uploads\/2020\/12\/Fotoprodukte-photoDESIGNKarinLacher-46-300x200.jpg 300w, https:\/\/photo-design.studio\/wp-content\/uploads\/2020\/12\/Fotoprodukte-photoDESIGNKarinLacher-46-768x512.jpg 768w, https:\/\/photo-design.studio\/wp-content\/uploads\/2020\/12\/Fotoprodukte-photoDESIGNKarinLacher-46-1140x760.jpg 1140w\" sizes=\"(max-width: 1024px) 100vw, 1024px\" \/><\/figure>\n\n\n\n<figure class=\"wp-block-image\"><img loading=\"lazy\" decoding=\"async\" width=\"1024\" height=\"683\" data-id=\"3540\" src=\"https:\/\/photo-design.studio\/wp-content\/uploads\/2020\/12\/Fotoprodukte-photoDESIGNKarinLacher-52-1024x683.jpg\" alt=\"\" class=\"wp-image-3540\" srcset=\"https:\/\/photo-design.studio\/wp-content\/uploads\/2020\/12\/Fotoprodukte-photoDESIGNKarinLacher-52-1024x683.jpg 1024w, https:\/\/photo-design.studio\/wp-content\/uploads\/2020\/12\/Fotoprodukte-photoDESIGNKarinLacher-52-300x200.jpg 300w, https:\/\/photo-design.studio\/wp-content\/uploads\/2020\/12\/Fotoprodukte-photoDESIGNKarinLacher-52-768x512.jpg 768w, https:\/\/photo-design.studio\/wp-content\/uploads\/2020\/12\/Fotoprodukte-photoDESIGNKarinLacher-52-1140x760.jpg 1140w\" sizes=\"(max-width: 1024px) 100vw, 1024px\" \/><\/figure>\n\n\n\n<figure class=\"wp-block-image\"><img loading=\"lazy\" decoding=\"async\" width=\"1024\" height=\"683\" data-id=\"3541\" src=\"https:\/\/photo-design.studio\/wp-content\/uploads\/2020\/12\/Fotoprodukte-photoDESIGNKarinLacher-62-1024x683.jpg\" alt=\"\" class=\"wp-image-3541\" srcset=\"https:\/\/photo-design.studio\/wp-content\/uploads\/2020\/12\/Fotoprodukte-photoDESIGNKarinLacher-62-1024x683.jpg 1024w, https:\/\/photo-design.studio\/wp-content\/uploads\/2020\/12\/Fotoprodukte-photoDESIGNKarinLacher-62-300x200.jpg 300w, https:\/\/photo-design.studio\/wp-content\/uploads\/2020\/12\/Fotoprodukte-photoDESIGNKarinLacher-62-768x512.jpg 768w, https:\/\/photo-design.studio\/wp-content\/uploads\/2020\/12\/Fotoprodukte-photoDESIGNKarinLacher-62-1140x760.jpg 1140w\" sizes=\"(max-width: 1024px) 100vw, 1024px\" \/><\/figure>\n\n\n\n<figure class=\"wp-block-image\"><img loading=\"lazy\" decoding=\"async\" width=\"1024\" height=\"683\" data-id=\"3542\" src=\"https:\/\/photo-design.studio\/wp-content\/uploads\/2020\/12\/Fotoprodukte-photoDESIGNKarinLacher-56-1024x683.jpg\" alt=\"\" class=\"wp-image-3542\" srcset=\"https:\/\/photo-design.studio\/wp-content\/uploads\/2020\/12\/Fotoprodukte-photoDESIGNKarinLacher-56-1024x683.jpg 1024w, https:\/\/photo-design.studio\/wp-content\/uploads\/2020\/12\/Fotoprodukte-photoDESIGNKarinLacher-56-300x200.jpg 300w, https:\/\/photo-design.studio\/wp-content\/uploads\/2020\/12\/Fotoprodukte-photoDESIGNKarinLacher-56-768x512.jpg 768w, https:\/\/photo-design.studio\/wp-content\/uploads\/2020\/12\/Fotoprodukte-photoDESIGNKarinLacher-56-1140x760.jpg 1140w\" sizes=\"(max-width: 1024px) 100vw, 1024px\" \/><\/figure>\n<\/figure>\n\n\n\n<p><strong>FOTOABZ\u00dcGE extra:<\/strong><\/p>\n\n\n\n<ul>\n<li><strong>10\u00d715 cm:&nbsp;<\/strong>0,80 Euro\/Stk.<\/li>\n\n\n\n<li><strong>13\u00d718 cm:<\/strong>&nbsp;1,20 Euro\/Stk.<\/li>\n\n\n\n<li><strong>15\u00d721 cm:<\/strong>&nbsp;1,60 Euro\/Stk.<\/li>\n\n\n\n<li><strong>16 Sticker:<\/strong>\u00a08 Euro (3\u00d74 cm)<\/li>\n<\/ul>\n\n\n\n<p><strong>FOTOPOSTER:<\/strong><\/p>\n\n\n\n<ul>\n<li><strong>20\u00d730 cm:<\/strong>\u00a04,50 Euro\/Stk.<\/li>\n\n\n\n<li><strong>30\u00d745 cm:\u00a0<\/strong>8,50 Euro\/Stk.<\/li>\n\n\n\n<li><strong>40\u00d760 cm:\u00a0<\/strong>15,\u2013 Euro\/Stk.<\/li>\n\n\n\n<li><strong>50\u00d770 cm:\u00a0<\/strong>20,\u2013 Euro\/Stk.<\/li>\n\n\n\n<li><strong>60\u00d790 cm:\u00a0<\/strong>25,\u2013 Euro\/Stk.<\/li>\n<\/ul>\n\n\n\n<p><strong>LEINW\u00c4NDE:&nbsp;Selbstabholung&nbsp;\/\/&nbsp;Versand:&nbsp;5-10&nbsp;Euro&nbsp;dazu&nbsp;(je&nbsp;nach&nbsp;Gr\u00f6sse)<\/strong><\/p>\n\n\n\n<ul>\n<li><strong>20\u00d730 (35)cm:\u00a0<\/strong>45,\u2013 Euro\/Stk.<\/li>\n\n\n\n<li><strong>30\u00d745 (40) cm:<\/strong>\u00a070,\u2013 Euro\/Stk.<\/li>\n\n\n\n<li><strong>40\u00d760 (65) cm:<\/strong>\u00a080,\u2013 Euro\/Stk.<\/li>\n\n\n\n<li><strong>50\u00d770 (75) cm:<\/strong>\u00a090,\u2013 Euro\/Stk.<\/li>\n\n\n\n<li><strong>60\u00d790 (95) cm:<\/strong>\u00a0110,\u2013 Euro\/Stk.<\/li>\n<\/ul>\n\n\n\n<p><strong>FOTOB\u00dcCHER &#8211; Basic &#8211; Gr\u00f6sse 28&#215;19 cm:<\/strong><\/p>\n\n\n\n<ul>\n<li>26 Seiten: 100,&#8211; Euro<\/li>\n\n\n\n<li>36 Seiten: 135,&#8211; Euro<\/li>\n\n\n\n<li>50 Seiten: 165,&#8211; Euro<\/li>\n\n\n\n<li>60 Seiten: 200,&#8211; Euro<\/li>\n\n\n\n<li>80 Seiten: 250,&#8211; Euro<\/li>\n\n\n\n<li>100 Seiten: 300,&#8211; Euro<\/li>\n\n\n\n<li>160 Seiten: 480,&#8211; Euro<\/li>\n<\/ul>\n\n\n\n<p><strong>FOTOB\u00dcCHER &#8211; Premium Leder, Leinen,&#8230; Einband &#8211; Gr\u00f6sse 28&#215;19 cm:<\/strong><\/p>\n\n\n\n<ul>\n<li>Aufpreis auf Fotobuch Basic: 50,&#8211; Euro<\/li>\n<\/ul>\n\n\n\n<figure class=\"wp-block-gallery has-nested-images columns-4 is-cropped wp-block-gallery-2 is-layout-flex wp-block-gallery-is-layout-flex\">\n<figure class=\"wp-block-image\"><img loading=\"lazy\" decoding=\"async\" width=\"683\" height=\"1024\" data-id=\"3484\" src=\"https:\/\/photo-design.studio\/wp-content\/uploads\/2020\/12\/Leinwand-2-683x1024.jpg\" alt=\"\" class=\"wp-image-3484\" srcset=\"https:\/\/photo-design.studio\/wp-content\/uploads\/2020\/12\/Leinwand-2-683x1024.jpg 683w, https:\/\/photo-design.studio\/wp-content\/uploads\/2020\/12\/Leinwand-2-200x300.jpg 200w, https:\/\/photo-design.studio\/wp-content\/uploads\/2020\/12\/Leinwand-2-768x1152.jpg 768w, https:\/\/photo-design.studio\/wp-content\/uploads\/2020\/12\/Leinwand-2-1140x1710.jpg 1140w\" sizes=\"(max-width: 683px) 100vw, 683px\" \/><\/figure>\n\n\n\n<figure class=\"wp-block-image\"><img loading=\"lazy\" decoding=\"async\" width=\"683\" height=\"1024\" data-id=\"3485\" src=\"https:\/\/photo-design.studio\/wp-content\/uploads\/2020\/12\/Leinwand-4-683x1024.jpg\" alt=\"\" class=\"wp-image-3485\" srcset=\"https:\/\/photo-design.studio\/wp-content\/uploads\/2020\/12\/Leinwand-4-683x1024.jpg 683w, https:\/\/photo-design.studio\/wp-content\/uploads\/2020\/12\/Leinwand-4-200x300.jpg 200w, https:\/\/photo-design.studio\/wp-content\/uploads\/2020\/12\/Leinwand-4-768x1152.jpg 768w, https:\/\/photo-design.studio\/wp-content\/uploads\/2020\/12\/Leinwand-4-1140x1710.jpg 1140w\" sizes=\"(max-width: 683px) 100vw, 683px\" \/><\/figure>\n\n\n\n<figure class=\"wp-block-image\"><img loading=\"lazy\" decoding=\"async\" width=\"1024\" height=\"683\" data-id=\"3486\" src=\"https:\/\/photo-design.studio\/wp-content\/uploads\/2020\/12\/Leinwand-6-1024x683.jpg\" alt=\"\" class=\"wp-image-3486\" srcset=\"https:\/\/photo-design.studio\/wp-content\/uploads\/2020\/12\/Leinwand-6-1024x683.jpg 1024w, https:\/\/photo-design.studio\/wp-content\/uploads\/2020\/12\/Leinwand-6-300x200.jpg 300w, https:\/\/photo-design.studio\/wp-content\/uploads\/2020\/12\/Leinwand-6-768x512.jpg 768w, https:\/\/photo-design.studio\/wp-content\/uploads\/2020\/12\/Leinwand-6-1140x760.jpg 1140w\" sizes=\"(max-width: 1024px) 100vw, 1024px\" \/><\/figure>\n\n\n\n<figure class=\"wp-block-image\"><img loading=\"lazy\" decoding=\"async\" width=\"683\" height=\"1024\" data-id=\"3487\" src=\"https:\/\/photo-design.studio\/wp-content\/uploads\/2020\/12\/Leinwand-1-1-683x1024.jpg\" alt=\"\" class=\"wp-image-3487\" srcset=\"https:\/\/photo-design.studio\/wp-content\/uploads\/2020\/12\/Leinwand-1-1-683x1024.jpg 683w, https:\/\/photo-design.studio\/wp-content\/uploads\/2020\/12\/Leinwand-1-1-200x300.jpg 200w, https:\/\/photo-design.studio\/wp-content\/uploads\/2020\/12\/Leinwand-1-1-768x1152.jpg 768w, https:\/\/photo-design.studio\/wp-content\/uploads\/2020\/12\/Leinwand-1-1-1140x1710.jpg 1140w\" sizes=\"(max-width: 683px) 100vw, 683px\" \/><\/figure>\n<\/figure>\n\n\n\n<p><strong>HEXAGON:<\/strong><br><\/p>\n\n\n\n<p><strong>1 St\u00fcck:<\/strong> 18,&#8211; Euro<\/p>\n\n\n\n<ul>\n<li><strong>3er Pack :<\/strong> je 15 Euro &#8211; GESAMT: 45,&#8211; Euro<\/li>\n\n\n\n<li><strong>6er Pack:<\/strong> je 12 Euro &#8211; GESAMT: 72,&#8211; Euro<\/li>\n\n\n\n<li><strong>9er Pack:<\/strong> je 10 Euro &#8211; GESAMT: 90,&#8211; Euro<\/li>\n<\/ul>\n\n\n\n<ul>\n<li>alle ausgew\u00e4hlten Fotos in 13&#215;18 cm<\/li>\n\n\n\n<li>3 St\u00fcck Hexagon 17,30&#215;20 cm<\/li>\n\n\n\n<li>Hexagon flexibel austauschbar, einfach anzubringen, schonend zur Wand<\/li>\n<\/ul>\n\n\n\n<figure class=\"wp-block-gallery has-nested-images columns-default is-cropped wp-block-gallery-3 is-layout-flex wp-block-gallery-is-layout-flex\">\n<figure class=\"wp-block-image\"><img loading=\"lazy\" decoding=\"async\" width=\"836\" height=\"600\" data-id=\"3427\" src=\"https:\/\/photo-design.studio\/wp-content\/uploads\/2020\/12\/Bildschirmfoto-2020-12-02-um-17.06.21.png\" alt=\"\" class=\"wp-image-3427\" srcset=\"https:\/\/photo-design.studio\/wp-content\/uploads\/2020\/12\/Bildschirmfoto-2020-12-02-um-17.06.21.png 836w, https:\/\/photo-design.studio\/wp-content\/uploads\/2020\/12\/Bildschirmfoto-2020-12-02-um-17.06.21-300x215.png 300w, https:\/\/photo-design.studio\/wp-content\/uploads\/2020\/12\/Bildschirmfoto-2020-12-02-um-17.06.21-768x551.png 768w\" sizes=\"(max-width: 836px) 100vw, 836px\" \/><\/figure>\n\n\n\n<figure class=\"wp-block-image\"><img loading=\"lazy\" decoding=\"async\" width=\"748\" height=\"622\" data-id=\"3428\" src=\"https:\/\/photo-design.studio\/wp-content\/uploads\/2020\/12\/Bildschirmfoto-2020-12-02-um-17.07.19.png\" alt=\"\" class=\"wp-image-3428\" srcset=\"https:\/\/photo-design.studio\/wp-content\/uploads\/2020\/12\/Bildschirmfoto-2020-12-02-um-17.07.19.png 748w, https:\/\/photo-design.studio\/wp-content\/uploads\/2020\/12\/Bildschirmfoto-2020-12-02-um-17.07.19-300x249.png 300w\" sizes=\"(max-width: 748px) 100vw, 748px\" \/><\/figure>\n\n\n\n<figure class=\"wp-block-image\"><img loading=\"lazy\" decoding=\"async\" width=\"794\" height=\"598\" data-id=\"3429\" src=\"https:\/\/photo-design.studio\/wp-content\/uploads\/2020\/12\/Bildschirmfoto-2020-12-02-um-17.11.16.png\" alt=\"\" class=\"wp-image-3429\" srcset=\"https:\/\/photo-design.studio\/wp-content\/uploads\/2020\/12\/Bildschirmfoto-2020-12-02-um-17.11.16.png 794w, https:\/\/photo-design.studio\/wp-content\/uploads\/2020\/12\/Bildschirmfoto-2020-12-02-um-17.11.16-300x226.png 300w, https:\/\/photo-design.studio\/wp-content\/uploads\/2020\/12\/Bildschirmfoto-2020-12-02-um-17.11.16-768x578.png 768w\" sizes=\"(max-width: 794px) 100vw, 794px\" \/><\/figure>\n<\/figure>\n\n\n\n<p><br><\/p>\n\n\n\n<p><strong>PAKET &#8218;HOLZ&#8216;:&nbsp;65,&#8211;&nbsp;Euro&nbsp;Selbstabholung&nbsp;\/\/&nbsp;70&nbsp;Euro&nbsp;mit&nbsp;Versand<\/strong><\/p>\n\n\n\n<ul>\n<li>1 Foto auf Holz 30&#215;20 cm Holz vertikal oder horizontal ausw\u00e4hlbar<\/li>\n\n\n\n<li>1 Holzblock 15&#215;20 cm zum Aufstellen schwarz oder wei\u00df<\/li>\n<\/ul>\n\n\n\n<figure class=\"wp-block-gallery has-nested-images columns-4 is-cropped wp-block-gallery-4 is-layout-flex wp-block-gallery-is-layout-flex\">\n<figure class=\"wp-block-image\"><img loading=\"lazy\" decoding=\"async\" width=\"604\" height=\"409\" data-id=\"3439\" src=\"https:\/\/photo-design.studio\/wp-content\/uploads\/2020\/12\/Bildschirmfoto-2020-12-02-um-17.50.45.png\" alt=\"\" class=\"wp-image-3439\" srcset=\"https:\/\/photo-design.studio\/wp-content\/uploads\/2020\/12\/Bildschirmfoto-2020-12-02-um-17.50.45.png 604w, https:\/\/photo-design.studio\/wp-content\/uploads\/2020\/12\/Bildschirmfoto-2020-12-02-um-17.50.45-300x203.png 300w\" sizes=\"(max-width: 604px) 100vw, 604px\" \/><figcaption class=\"wp-element-caption\">30&#215;20 cm vertikal<\/figcaption><\/figure>\n\n\n\n<figure class=\"wp-block-image\"><img loading=\"lazy\" decoding=\"async\" width=\"620\" height=\"425\" data-id=\"3440\" src=\"https:\/\/photo-design.studio\/wp-content\/uploads\/2020\/12\/Bildschirmfoto-2020-12-02-um-18.44.30.png\" alt=\"\" class=\"wp-image-3440\" srcset=\"https:\/\/photo-design.studio\/wp-content\/uploads\/2020\/12\/Bildschirmfoto-2020-12-02-um-18.44.30.png 620w, https:\/\/photo-design.studio\/wp-content\/uploads\/2020\/12\/Bildschirmfoto-2020-12-02-um-18.44.30-300x206.png 300w\" sizes=\"(max-width: 620px) 100vw, 620px\" \/><figcaption class=\"wp-element-caption\">30&#215;20 horizontal<\/figcaption><\/figure>\n\n\n\n<figure class=\"wp-block-image\"><img loading=\"lazy\" decoding=\"async\" width=\"658\" height=\"604\" data-id=\"3441\" src=\"https:\/\/photo-design.studio\/wp-content\/uploads\/2020\/12\/Bildschirmfoto-2020-12-02-um-17.44.59-1.png\" alt=\"\" class=\"wp-image-3441\" srcset=\"https:\/\/photo-design.studio\/wp-content\/uploads\/2020\/12\/Bildschirmfoto-2020-12-02-um-17.44.59-1.png 658w, https:\/\/photo-design.studio\/wp-content\/uploads\/2020\/12\/Bildschirmfoto-2020-12-02-um-17.44.59-1-300x275.png 300w\" sizes=\"(max-width: 658px) 100vw, 658px\" \/><figcaption class=\"wp-element-caption\">Block schwarz<\/figcaption><\/figure>\n\n\n\n<figure class=\"wp-block-image\"><img loading=\"lazy\" decoding=\"async\" width=\"660\" height=\"440\" data-id=\"3444\" src=\"https:\/\/photo-design.studio\/wp-content\/uploads\/2020\/12\/Bildschirmfoto-2020-12-02-um-18.48.09.png\" alt=\"\" class=\"wp-image-3444\" srcset=\"https:\/\/photo-design.studio\/wp-content\/uploads\/2020\/12\/Bildschirmfoto-2020-12-02-um-18.48.09.png 660w, https:\/\/photo-design.studio\/wp-content\/uploads\/2020\/12\/Bildschirmfoto-2020-12-02-um-18.48.09-300x200.png 300w\" sizes=\"(max-width: 660px) 100vw, 660px\" \/><figcaption class=\"wp-element-caption\">Block wei\u00df<\/figcaption><\/figure>\n<\/figure>\n\n\n\n<figure class=\"wp-block-gallery has-nested-images columns-default is-cropped wp-block-gallery-5 is-layout-flex wp-block-gallery-is-layout-flex\"><\/figure>\n\n\n\n<p><strong>PAKET &#8218;FUN&#8216;:&nbsp;45,&#8211;&nbsp;Selbstabholung&nbsp;\/\/&nbsp;50&nbsp;Euro&nbsp;mit&nbsp;Versand<\/strong><\/p>\n\n\n\n<ul>\n<li>1 Puzzle 35 (28&#215;19 cm) oder 120 Teile (40,5&#215;28,50cm)<\/li>\n\n\n\n<li>Fotomagnete 9 St\u00fcck je 5 x 5 cm pro Magnet (9 einzelne Fotos oder 1 Foto auf 9 Magnete aufgeteilt)<\/li>\n<\/ul>\n\n\n\n<figure class=\"wp-block-gallery has-nested-images columns-default is-cropped wp-block-gallery-6 is-layout-flex wp-block-gallery-is-layout-flex\">\n<figure class=\"wp-block-image\"><img loading=\"lazy\" decoding=\"async\" width=\"764\" height=\"614\" data-id=\"3433\" src=\"https:\/\/photo-design.studio\/wp-content\/uploads\/2020\/12\/Bildschirmfoto-2020-12-02-um-17.31.00.png\" alt=\"\" class=\"wp-image-3433\" srcset=\"https:\/\/photo-design.studio\/wp-content\/uploads\/2020\/12\/Bildschirmfoto-2020-12-02-um-17.31.00.png 764w, https:\/\/photo-design.studio\/wp-content\/uploads\/2020\/12\/Bildschirmfoto-2020-12-02-um-17.31.00-300x241.png 300w\" sizes=\"(max-width: 764px) 100vw, 764px\" \/><\/figure>\n\n\n\n<figure class=\"wp-block-image\"><img loading=\"lazy\" decoding=\"async\" width=\"708\" height=\"620\" data-id=\"3434\" src=\"https:\/\/photo-design.studio\/wp-content\/uploads\/2020\/12\/Bildschirmfoto-2020-12-02-um-17.31.21.png\" alt=\"\" class=\"wp-image-3434\" srcset=\"https:\/\/photo-design.studio\/wp-content\/uploads\/2020\/12\/Bildschirmfoto-2020-12-02-um-17.31.21.png 708w, https:\/\/photo-design.studio\/wp-content\/uploads\/2020\/12\/Bildschirmfoto-2020-12-02-um-17.31.21-300x263.png 300w\" sizes=\"(max-width: 708px) 100vw, 708px\" \/><\/figure>\n\n\n\n<figure class=\"wp-block-image\"><img loading=\"lazy\" decoding=\"async\" width=\"910\" height=\"622\" data-id=\"3473\" src=\"https:\/\/photo-design.studio\/wp-content\/uploads\/2020\/12\/Bildschirmfoto-2020-12-02-um-17.36.09.png\" alt=\"\" class=\"wp-image-3473\" srcset=\"https:\/\/photo-design.studio\/wp-content\/uploads\/2020\/12\/Bildschirmfoto-2020-12-02-um-17.36.09.png 910w, https:\/\/photo-design.studio\/wp-content\/uploads\/2020\/12\/Bildschirmfoto-2020-12-02-um-17.36.09-300x205.png 300w, https:\/\/photo-design.studio\/wp-content\/uploads\/2020\/12\/Bildschirmfoto-2020-12-02-um-17.36.09-768x525.png 768w\" sizes=\"(max-width: 910px) 100vw, 910px\" \/><\/figure>\n<\/figure>\n\n\n\n<p><\/p>\n","protected":false},"excerpt":{"rendered":"<p>Hier k\u00f6nnt ihr zwischen vielen verschiedenen Fotopaketen ausw\u00e4hlen: FOTOABZ\u00dcGE extra: FOTOPOSTER: LEINW\u00c4NDE:&nbsp;Selbstabholung&nbsp;\/\/&nbsp;Versand:&nbsp;5-10&nbsp;Euro&nbsp;dazu&nbsp;(je&nbsp;nach&nbsp;Gr\u00f6sse) FOTOB\u00dcCHER &#8211; Basic &#8211; Gr\u00f6sse 28&#215;19 cm: FOTOB\u00dcCHER &#8211; Premium Leder, Leinen,&#8230; Einband &#8211; Gr\u00f6sse 28&#215;19 cm: HEXAGON: 1 St\u00fcck: 18,&#8211; Euro PAKET &#8218;HOLZ&#8216;:&nbsp;65,&#8211;&nbsp;Euro&nbsp;Selbstabholung&nbsp;\/\/&nbsp;70&nbsp;Euro&nbsp;mit&nbsp;Versand PAKET &#8218;FUN&#8216;:&nbsp;45,&#8211;&nbsp;Selbstabholung&nbsp;\/\/&nbsp;50&nbsp;Euro&nbsp;mit&nbsp;Versand<\/p>\n","protected":false},"author":1,"featured_media":0,"parent":0,"menu_order":0,"comment_status":"closed","ping_status":"closed","template":"","meta":{"footnotes":""},"_links":{"self":[{"href":"https:\/\/photo-design.studio\/index.php?rest_route=\/wp\/v2\/pages\/1785"}],"collection":[{"href":"https:\/\/photo-design.studio\/index.php?rest_route=\/wp\/v2\/pages"}],"about":[{"href":"https:\/\/photo-design.studio\/index.php?rest_route=\/wp\/v2\/types\/page"}],"author":[{"embeddable":true,"href":"https:\/\/photo-design.studio\/index.php?rest_route=\/wp\/v2\/users\/1"}],"replies":[{"embeddable":true,"href":"https:\/\/photo-design.studio\/index.php?rest_route=%2Fwp%2Fv2%2Fcomments&post=1785"}],"version-history":[{"count":100,"href":"https:\/\/photo-design.studio\/index.php?rest_route=\/wp\/v2\/pages\/1785\/revisions"}],"predecessor-version":[{"id":5913,"href":"https:\/\/photo-design.studio\/index.php?rest_route=\/wp\/v2\/pages\/1785\/revisions\/5913"}],"wp:attachment":[{"href":"https:\/\/photo-design.studio\/index.php?rest_route=%2Fwp%2Fv2%2Fmedia&parent=1785"}],"curies":[{"name":"wp","href":"https:\/\/api.w.org\/{rel}","templated":true}]}}